{"id":104,"date":"2020-02-01T20:31:45","date_gmt":"2020-02-01T19:31:45","guid":{"rendered":"https:\/\/tingbakkehallen.dk\/keglecup\/2020\/?page_id=104"},"modified":"2020-02-01T23:28:37","modified_gmt":"2020-02-01T22:28:37","slug":"pulje-5-resultat","status":"publish","type":"page","link":"https:\/\/tingbakkehallen.dk\/keglecup\/2020\/pulje-5-resultat\/","title":{"rendered":"pulje-5-resultat"},"content":{"rendered":"<table width=\"558\">\n<tbody>\n<tr>\n<td width=\"98\">19:00<\/td>\n<td width=\"52\">1<\/td>\n<td width=\"139\">Brol\u00e6gger J. Andersen 2<\/td>\n<td width=\"34\">&#8211;<\/td>\n<td width=\"125\">Team Frit spil<\/td>\n<td width=\"47\">146<\/td>\n<td width=\"16\">&#8211;<\/td>\n<td width=\"47\">150<\/td>\n<\/tr>\n<tr>\n<td><\/td>\n<td>2<\/td>\n<td>Pr\u00e6rieulvene<\/td>\n<td>&#8211;<\/td>\n<td>St\u00f8rst her til lands<\/td>\n<td>158<\/td>\n<td>&#8211;<\/td>\n<td>128<\/td>\n<\/tr>\n<tr>\n<td><\/td>\n<td>3<\/td>\n<td>Olsenbanden<\/td>\n<td>&#8211;<\/td>\n<td>Pr\u00e6riehundene<\/td>\n<td>126<\/td>\n<td>&#8211;<\/td>\n<td>124<\/td>\n<\/tr>\n<tr>\n<td>19:45<\/td>\n<td>4<\/td>\n<td>Team Frit spil<\/td>\n<td>&#8211;<\/td>\n<td>Pr\u00e6rieulvene<\/td>\n<td>162<\/td>\n<td>&#8211;<\/td>\n<td>130<\/td>\n<\/tr>\n<tr>\n<td><\/td>\n<td>5<\/td>\n<td>Pr\u00e6riehundene<\/td>\n<td>&#8211;<\/td>\n<td>St\u00f8rst her til lands<\/td>\n<td>202<\/td>\n<td>&#8211;<\/td>\n<td>218<\/td>\n<\/tr>\n<tr>\n<td><\/td>\n<td>6<\/td>\n<td>Brol\u00e6gger J. Andersen 2<\/td>\n<td>&#8211;<\/td>\n<td>Olsenbanden<\/td>\n<td>86<\/td>\n<td>&#8211;<\/td>\n<td>128<\/td>\n<\/tr>\n<tr>\n<td>20:30<\/td>\n<td>7<\/td>\n<td>Team Frit spil<\/td>\n<td>&#8211;<\/td>\n<td>St\u00f8rst her til lands<\/td>\n<td>174<\/td>\n<td>&#8211;<\/td>\n<td>110<\/td>\n<\/tr>\n<tr>\n<td><\/td>\n<td>8<\/td>\n<td>Brol\u00e6gger J. Andersen 2<\/td>\n<td>&#8211;<\/td>\n<td>Pr\u00e6riehundene<\/td>\n<td>98<\/td>\n<td>&#8211;<\/td>\n<td>184<\/td>\n<\/tr>\n<tr>\n<td><\/td>\n<td>9<\/td>\n<td>Olsenbanden<\/td>\n<td>&#8211;<\/td>\n<td>Pr\u00e6rieulvene<\/td>\n<td>142<\/td>\n<td>&#8211;<\/td>\n<td>172<\/td>\n<\/tr>\n<tr>\n<td>21:15<\/td>\n<td>10<\/td>\n<td>Brol\u00e6gger J. Andersen 2<\/td>\n<td>&#8211;<\/td>\n<td>St\u00f8rst her til lands<\/td>\n<td>118<\/td>\n<td>&#8211;<\/td>\n<td>150<\/td>\n<\/tr>\n<tr>\n<td><\/td>\n<td>11<\/td>\n<td>Team Frit spil<\/td>\n<td>&#8211;<\/td>\n<td>Olsenbanden<\/td>\n<td>162<\/td>\n<td>&#8211;<\/td>\n<td>242<\/td>\n<\/tr>\n<tr>\n<td><\/td>\n<td>12<\/td>\n<td>Pr\u00e6riehundene<\/td>\n<td>&#8211;<\/td>\n<td>Pr\u00e6rieulvene<\/td>\n<td>150<\/td>\n<td>&#8211;<\/td>\n<td>166<\/td>\n<\/tr>\n<tr>\n<td>22:00<\/td>\n<td>13<\/td>\n<td>Olsenbanden<\/td>\n<td>&#8211;<\/td>\n<td>St\u00f8rst her til lands<\/td>\n<td>178<\/td>\n<td>&#8211;<\/td>\n<td>122<\/td>\n<\/tr>\n<tr>\n<td><\/td>\n<td>14<\/td>\n<td>Brol\u00e6gger J. Andersen 2<\/td>\n<td>&#8211;<\/td>\n<td>Pr\u00e6rieulvene<\/td>\n<td>56<\/td>\n<td>&#8211;<\/td>\n<td>194<\/td>\n<\/tr>\n<tr>\n<td><\/td>\n<td>15<\/td>\n<td>Team Frit spil<\/td>\n<td>&#8211;<\/td>\n<td>Pr\u00e6riehundene<\/td>\n<td>86<\/td>\n<td>&#8211;<\/td>\n<td>192<\/td>\n<\/tr>\n<\/tbody>\n<\/table>\n<p>&nbsp;<\/p>\n<table style=\"width: 65.0794%; height: 325px;\" width=\"340\">\n<tbody>\n<tr>\n<td width=\"160\">Brol\u00e6gger J. Andersen 2<\/td>\n<td width=\"36\"><\/td>\n<td width=\"36\">504<\/td>\n<td width=\"36\">\n<table>\n<tbody>\n<tr>\n<td width=\"36\"><\/td>\n<\/tr>\n<\/tbody>\n<\/table>\n<\/td>\n<td colspan=\"2\" width=\"72\">6<\/td>\n<\/tr>\n<tr>\n<td>Team Frit spil<\/td>\n<td><\/td>\n<td>734<\/td>\n<td>\n<table>\n<tbody>\n<tr>\n<td width=\"36\"><\/td>\n<\/tr>\n<\/tbody>\n<\/table>\n<\/td>\n<td colspan=\"2\">4<\/td>\n<\/tr>\n<tr>\n<td>Olsenbanden<\/td>\n<td><\/td>\n<td>816<\/td>\n<td>\n<table>\n<tbody>\n<tr>\n<td width=\"36\"><\/td>\n<\/tr>\n<\/tbody>\n<\/table>\n<\/td>\n<td colspan=\"2\">3<\/td>\n<\/tr>\n<tr>\n<td>Pr\u00e6riehundene<\/td>\n<td><\/td>\n<td>852<\/td>\n<td>\n<table>\n<tbody>\n<tr>\n<td width=\"36\"><\/td>\n<\/tr>\n<\/tbody>\n<\/table>\n<\/td>\n<td colspan=\"2\">1<\/td>\n<\/tr>\n<tr>\n<td>Pr\u00e6rieulvene<\/td>\n<td><\/td>\n<td>820<\/td>\n<td>\n<table>\n<tbody>\n<tr>\n<td width=\"36\"><\/td>\n<\/tr>\n<\/tbody>\n<\/table>\n<\/td>\n<td colspan=\"2\">2<\/td>\n<\/tr>\n<tr>\n<td>St\u00f8rst her til lands<\/td>\n<td><\/td>\n<td>728<\/td>\n<td>\n<table>\n<tbody>\n<tr>\n<td width=\"36\"><\/td>\n<\/tr>\n<\/tbody>\n<\/table>\n<\/td>\n<td colspan=\"2\">5<\/td>\n<\/tr>\n<\/tbody>\n<\/table>\n","protected":false},"excerpt":{"rendered":"<p>19:00 1 Brol\u00e6gger J. Andersen 2 &#8211; Team Frit spil 146 &#8211; 150 2 Pr\u00e6rieulvene &#8211; St\u00f8rst her til lands 158 &#8211; 128 3 Olsenbanden &#8211; Pr\u00e6riehundene 126 &#8211; 124 19:45 4 Team Frit spil &#8211; Pr\u00e6rieulvene 162 &#8211; 130 5 Pr\u00e6riehundene &#8211; St\u00f8rst her til lands 202 &#8211; 218 6 Brol\u00e6gger J. Andersen 2 [&hellip;]<\/p>\n","protected":false},"author":1,"featured_media":0,"parent":0,"menu_order":0,"comment_status":"closed","ping_status":"closed","template":"","meta":{"footnotes":""},"_links":{"self":[{"href":"https:\/\/tingbakkehallen.dk\/keglecup\/2020\/wp-json\/wp\/v2\/pages\/104"}],"collection":[{"href":"https:\/\/tingbakkehallen.dk\/keglecup\/2020\/wp-json\/wp\/v2\/pages"}],"about":[{"href":"https:\/\/tingbakkehallen.dk\/keglecup\/2020\/wp-json\/wp\/v2\/types\/page"}],"author":[{"embeddable":true,"href":"https:\/\/tingbakkehallen.dk\/keglecup\/2020\/wp-json\/wp\/v2\/users\/1"}],"replies":[{"embeddable":true,"href":"https:\/\/tingbakkehallen.dk\/keglecup\/2020\/wp-json\/wp\/v2\/comments?post=104"}],"version-history":[{"count":2,"href":"https:\/\/tingbakkehallen.dk\/keglecup\/2020\/wp-json\/wp\/v2\/pages\/104\/revisions"}],"predecessor-version":[{"id":115,"href":"https:\/\/tingbakkehallen.dk\/keglecup\/2020\/wp-json\/wp\/v2\/pages\/104\/revisions\/115"}],"wp:attachment":[{"href":"https:\/\/tingbakkehallen.dk\/keglecup\/2020\/wp-json\/wp\/v2\/media?parent=104"}],"curies":[{"name":"wp","href":"https:\/\/api.w.org\/{rel}","templated":true}]}}