{"id":106,"date":"2020-02-01T20:31:54","date_gmt":"2020-02-01T19:31:54","guid":{"rendered":"https:\/\/tingbakkehallen.dk\/keglecup\/2020\/?page_id=106"},"modified":"2020-02-01T23:29:30","modified_gmt":"2020-02-01T22:29:30","slug":"pulje-6-resultat","status":"publish","type":"page","link":"https:\/\/tingbakkehallen.dk\/keglecup\/2020\/pulje-6-resultat\/","title":{"rendered":"pulje-6-resultat"},"content":{"rendered":"<table width=\"575\">\n<tbody>\n<tr>\n<td width=\"98\">19:00<\/td>\n<td width=\"58\">1<\/td>\n<td width=\"139\">3 x Knas<\/td>\n<td width=\"33\">&#8211;<\/td>\n<td width=\"137\">Gr\u00e6sted skrappe drenge<\/td>\n<td width=\"47\">86<\/td>\n<td width=\"16\">&#8211;<\/td>\n<td width=\"47\">178<\/td>\n<\/tr>\n<tr>\n<td><\/td>\n<td>2<\/td>\n<td>Pr\u00e6rievinderne<\/td>\n<td>&#8211;<\/td>\n<td>Trio Debil<\/td>\n<td>140<\/td>\n<td>&#8211;<\/td>\n<td>72<\/td>\n<\/tr>\n<tr>\n<td><\/td>\n<td>3<\/td>\n<td>Pr\u00e6rieexpressen<\/td>\n<td>&#8211;<\/td>\n<td>Pr\u00e6rierytterne<\/td>\n<td>66<\/td>\n<td>&#8211;<\/td>\n<td>180<\/td>\n<\/tr>\n<tr>\n<td>19:45<\/td>\n<td>4<\/td>\n<td>Gr\u00e6sted skrappe drenge<\/td>\n<td>&#8211;<\/td>\n<td>Pr\u00e6rievinderne<\/td>\n<td>210<\/td>\n<td>&#8211;<\/td>\n<td>244<\/td>\n<\/tr>\n<tr>\n<td><\/td>\n<td>5<\/td>\n<td>Pr\u00e6rierytterne<\/td>\n<td>&#8211;<\/td>\n<td>Trio Debil<\/td>\n<td>132<\/td>\n<td>&#8211;<\/td>\n<td>144<\/td>\n<\/tr>\n<tr>\n<td><\/td>\n<td>6<\/td>\n<td>3 x Knas<\/td>\n<td>&#8211;<\/td>\n<td>Pr\u00e6rieexpressen<\/td>\n<td>140<\/td>\n<td>&#8211;<\/td>\n<td>140<\/td>\n<\/tr>\n<tr>\n<td>20:30<\/td>\n<td>7<\/td>\n<td>Gr\u00e6sted skrappe drenge<\/td>\n<td>&#8211;<\/td>\n<td>Trio Debil<\/td>\n<td>158<\/td>\n<td>&#8211;<\/td>\n<td>116<\/td>\n<\/tr>\n<tr>\n<td><\/td>\n<td>8<\/td>\n<td>3 x Knas<\/td>\n<td>&#8211;<\/td>\n<td>Pr\u00e6rierytterne<\/td>\n<td>130<\/td>\n<td>&#8211;<\/td>\n<td>160<\/td>\n<\/tr>\n<tr>\n<td><\/td>\n<td>9<\/td>\n<td>Pr\u00e6rieexpressen<\/td>\n<td>&#8211;<\/td>\n<td>Pr\u00e6rievinderne<\/td>\n<td>74<\/td>\n<td>&#8211;<\/td>\n<td>152<\/td>\n<\/tr>\n<tr>\n<td>21:15<\/td>\n<td>10<\/td>\n<td>3 x Knas<\/td>\n<td>&#8211;<\/td>\n<td>Trio Debil<\/td>\n<td>160<\/td>\n<td>&#8211;<\/td>\n<td>134<\/td>\n<\/tr>\n<tr>\n<td><\/td>\n<td>11<\/td>\n<td>Gr\u00e6sted skrappe drenge<\/td>\n<td>&#8211;<\/td>\n<td>Pr\u00e6rieexpressen<\/td>\n<td>154<\/td>\n<td>&#8211;<\/td>\n<td>220<\/td>\n<\/tr>\n<tr>\n<td><\/td>\n<td>12<\/td>\n<td>Pr\u00e6rierytterne<\/td>\n<td>&#8211;<\/td>\n<td>Pr\u00e6rievinderne<\/td>\n<td>198<\/td>\n<td>&#8211;<\/td>\n<td>128<\/td>\n<\/tr>\n<tr>\n<td>22:00<\/td>\n<td>13<\/td>\n<td>Pr\u00e6rieexpressen<\/td>\n<td>&#8211;<\/td>\n<td>Trio Debil<\/td>\n<td>56<\/td>\n<td>&#8211;<\/td>\n<td>118<\/td>\n<\/tr>\n<tr>\n<td><\/td>\n<td>14<\/td>\n<td>3 x Knas<\/td>\n<td>&#8211;<\/td>\n<td>Pr\u00e6rievinderne<\/td>\n<td>108<\/td>\n<td>&#8211;<\/td>\n<td>148<\/td>\n<\/tr>\n<tr>\n<td><\/td>\n<td>15<\/td>\n<td>Gr\u00e6sted skrappe drenge<\/td>\n<td>&#8211;<\/td>\n<td>Pr\u00e6rierytterne<\/td>\n<td>134<\/td>\n<td>&#8211;<\/td>\n<td>150<\/td>\n<\/tr>\n<\/tbody>\n<\/table>\n<p>&nbsp;<\/p>\n<table style=\"width: 65.0794%; height: 229px;\" width=\"335\">\n<tbody>\n<tr>\n<td width=\"150\">3 x Knas<\/td>\n<td width=\"36\"><\/td>\n<td width=\"42\">624<\/td>\n<td width=\"35\"><\/td>\n<td colspan=\"2\" width=\"72\">4<\/td>\n<\/tr>\n<tr>\n<td>Gr\u00e6sted skrappe drenge<\/td>\n<td><\/td>\n<td>834<\/td>\n<td><\/td>\n<td colspan=\"2\">1<\/td>\n<\/tr>\n<tr>\n<td>Pr\u00e6rieexpressen<\/td>\n<td><\/td>\n<td>556<\/td>\n<td><\/td>\n<td colspan=\"2\">6<\/td>\n<\/tr>\n<tr>\n<td>Pr\u00e6rierytterne<\/td>\n<td><\/td>\n<td>820<\/td>\n<td><\/td>\n<td colspan=\"2\">2<\/td>\n<\/tr>\n<tr>\n<td>Pr\u00e6rievinderne<\/td>\n<td><\/td>\n<td>812<\/td>\n<td><\/td>\n<td colspan=\"2\">3<\/td>\n<\/tr>\n<tr>\n<td>Trio Debil<\/td>\n<td><\/td>\n<td>584<\/td>\n<td><\/td>\n<td colspan=\"2\">5<\/td>\n<\/tr>\n<\/tbody>\n<\/table>\n","protected":false},"excerpt":{"rendered":"<p>19:00 1 3 x Knas &#8211; Gr\u00e6sted skrappe drenge 86 &#8211; 178 2 Pr\u00e6rievinderne &#8211; Trio Debil 140 &#8211; 72 3 Pr\u00e6rieexpressen &#8211; Pr\u00e6rierytterne 66 &#8211; 180 19:45 4 Gr\u00e6sted skrappe drenge &#8211; Pr\u00e6rievinderne 210 &#8211; 244 5 Pr\u00e6rierytterne &#8211; Trio Debil 132 &#8211; 144 6 3 x Knas &#8211; Pr\u00e6rieexpressen 140 &#8211; 140 20:30 [&hellip;]<\/p>\n","protected":false},"author":1,"featured_media":0,"parent":0,"menu_order":0,"comment_status":"closed","ping_status":"closed","template":"","meta":{"footnotes":""},"_links":{"self":[{"href":"https:\/\/tingbakkehallen.dk\/keglecup\/2020\/wp-json\/wp\/v2\/pages\/106"}],"collection":[{"href":"https:\/\/tingbakkehallen.dk\/keglecup\/2020\/wp-json\/wp\/v2\/pages"}],"about":[{"href":"https:\/\/tingbakkehallen.dk\/keglecup\/2020\/wp-json\/wp\/v2\/types\/page"}],"author":[{"embeddable":true,"href":"https:\/\/tingbakkehallen.dk\/keglecup\/2020\/wp-json\/wp\/v2\/users\/1"}],"replies":[{"embeddable":true,"href":"https:\/\/tingbakkehallen.dk\/keglecup\/2020\/wp-json\/wp\/v2\/comments?post=106"}],"version-history":[{"count":2,"href":"https:\/\/tingbakkehallen.dk\/keglecup\/2020\/wp-json\/wp\/v2\/pages\/106\/revisions"}],"predecessor-version":[{"id":116,"href":"https:\/\/tingbakkehallen.dk\/keglecup\/2020\/wp-json\/wp\/v2\/pages\/106\/revisions\/116"}],"wp:attachment":[{"href":"https:\/\/tingbakkehallen.dk\/keglecup\/2020\/wp-json\/wp\/v2\/media?parent=106"}],"curies":[{"name":"wp","href":"https:\/\/api.w.org\/{rel}","templated":true}]}}