{"id":64,"date":"2020-01-31T10:09:04","date_gmt":"2020-01-31T09:09:04","guid":{"rendered":"https:\/\/tingbakkehallen.dk\/keglecup\/2020\/?page_id=64"},"modified":"2020-02-04T13:48:06","modified_gmt":"2020-02-04T12:48:06","slug":"hoejeste-score-loer-og-soendag","status":"publish","type":"page","link":"https:\/\/tingbakkehallen.dk\/keglecup\/2020\/hoejeste-score-loer-og-soendag\/","title":{"rendered":"H\u00f8jeste score l\u00f8rdag og s\u00f8ndag"},"content":{"rendered":"<p style=\"text-align: center;\">H\u00f8jeste score l\u00f8rdag<br \/>\nJacob<br \/>\nPr\u00e6rierytterne<br \/>\n112 Point<br \/>\n<img loading=\"lazy\" decoding=\"async\" class=\"alignnone size-medium wp-image-131\" src=\"https:\/\/tingbakkehallen.dk\/keglecup\/2020\/wp-content\/uploads\/2020\/02\/hojlordag-300x238.jpg\" alt=\"\" width=\"300\" height=\"238\" srcset=\"https:\/\/tingbakkehallen.dk\/keglecup\/2020\/wp-content\/uploads\/2020\/02\/hojlordag-300x238.jpg 300w, https:\/\/tingbakkehallen.dk\/keglecup\/2020\/wp-content\/uploads\/2020\/02\/hojlordag.jpg 600w\" sizes=\"(max-width: 300px) 100vw, 300px\" \/><\/p>\n<p style=\"text-align: center;\">H\u00f8jeste score s\u00f8ndag<br \/>\nRene<br \/>\nSmidstrup Brol\u00e6gning<br \/>\n118 Point<br \/>\n<img loading=\"lazy\" decoding=\"async\" class=\"alignnone size-medium wp-image-132\" src=\"https:\/\/tingbakkehallen.dk\/keglecup\/2020\/wp-content\/uploads\/2020\/02\/hojsondag-300x223.jpg\" alt=\"\" width=\"300\" height=\"223\" srcset=\"https:\/\/tingbakkehallen.dk\/keglecup\/2020\/wp-content\/uploads\/2020\/02\/hojsondag-300x223.jpg 300w, https:\/\/tingbakkehallen.dk\/keglecup\/2020\/wp-content\/uploads\/2020\/02\/hojsondag.jpg 600w\" sizes=\"(max-width: 300px) 100vw, 300px\" \/><\/p>\n<p>&nbsp;<\/p>\n<p>&nbsp;<\/p>\n","protected":false},"excerpt":{"rendered":"<p>H\u00f8jeste score l\u00f8rdag Jacob Pr\u00e6rierytterne 112 Point H\u00f8jeste score s\u00f8ndag Rene Smidstrup Brol\u00e6gning 118 Point &nbsp; &nbsp;<\/p>\n","protected":false},"author":1,"featured_media":0,"parent":0,"menu_order":0,"comment_status":"closed","ping_status":"closed","template":"","meta":{"footnotes":""},"_links":{"self":[{"href":"https:\/\/tingbakkehallen.dk\/keglecup\/2020\/wp-json\/wp\/v2\/pages\/64"}],"collection":[{"href":"https:\/\/tingbakkehallen.dk\/keglecup\/2020\/wp-json\/wp\/v2\/pages"}],"about":[{"href":"https:\/\/tingbakkehallen.dk\/keglecup\/2020\/wp-json\/wp\/v2\/types\/page"}],"author":[{"embeddable":true,"href":"https:\/\/tingbakkehallen.dk\/keglecup\/2020\/wp-json\/wp\/v2\/users\/1"}],"replies":[{"embeddable":true,"href":"https:\/\/tingbakkehallen.dk\/keglecup\/2020\/wp-json\/wp\/v2\/comments?post=64"}],"version-history":[{"count":6,"href":"https:\/\/tingbakkehallen.dk\/keglecup\/2020\/wp-json\/wp\/v2\/pages\/64\/revisions"}],"predecessor-version":[{"id":139,"href":"https:\/\/tingbakkehallen.dk\/keglecup\/2020\/wp-json\/wp\/v2\/pages\/64\/revisions\/139"}],"wp:attachment":[{"href":"https:\/\/tingbakkehallen.dk\/keglecup\/2020\/wp-json\/wp\/v2\/media?parent=64"}],"curies":[{"name":"wp","href":"https:\/\/api.w.org\/{rel}","templated":true}]}}