{"id":85,"date":"2020-02-01T17:28:39","date_gmt":"2020-02-01T16:28:39","guid":{"rendered":"https:\/\/tingbakkehallen.dk\/keglecup\/2020\/?page_id=85"},"modified":"2020-02-01T18:20:41","modified_gmt":"2020-02-01T17:20:41","slug":"pulje-2-resultat","status":"publish","type":"page","link":"https:\/\/tingbakkehallen.dk\/keglecup\/2020\/pulje-2-resultat\/","title":{"rendered":"pulje-2-resultat"},"content":{"rendered":"<table width=\"581\">\n<tbody>\n<tr>\n<td width=\"102\">Ca. tid<\/td>\n<td colspan=\"2\" width=\"195\">Kamp nr.<\/td>\n<td width=\"37\">Kampe<\/td>\n<td width=\"137\"><\/td>\n<td width=\"47\"><\/td>\n<td width=\"16\">Resultat<\/td>\n<td width=\"47\"><\/td>\n<\/tr>\n<tr>\n<td><\/td>\n<td><\/td>\n<td><\/td>\n<td><\/td>\n<td><\/td>\n<td><\/td>\n<td><\/td>\n<td><\/td>\n<\/tr>\n<tr>\n<td>11:30<\/td>\n<td>1<\/td>\n<td>Murermst. E. Andersen<\/td>\n<td>&#8211;<\/td>\n<td>Gartnerens t\u00f8ser<\/td>\n<td>92<\/td>\n<td>&#8211;<\/td>\n<td>66<\/td>\n<\/tr>\n<tr>\n<td><\/td>\n<td>2<\/td>\n<td>Skovfl\u00e5ten 3<\/td>\n<td>&#8211;<\/td>\n<td>Team Smirnoff<\/td>\n<td>122<\/td>\n<td>&#8211;<\/td>\n<td>78<\/td>\n<\/tr>\n<tr>\n<td><\/td>\n<td>3<\/td>\n<td>Netto N\u00f8debo 2<\/td>\n<td>&#8211;<\/td>\n<td>Skovfl\u00e5ten 1<\/td>\n<td>210<\/td>\n<td>&#8211;<\/td>\n<td>122<\/td>\n<\/tr>\n<tr>\n<td><\/td>\n<td>4<\/td>\n<td>Esrum Vognmandsforr.<\/td>\n<td>&#8211;<\/td>\n<td>Ingen hold<\/td>\n<td>44<\/td>\n<td>&#8211;<\/td>\n<td>0<\/td>\n<\/tr>\n<tr>\n<td>12:15<\/td>\n<td>5<\/td>\n<td>Gartnerens t\u00f8ser<\/td>\n<td>&#8211;<\/td>\n<td>Skovfl\u00e5ten 3<\/td>\n<td>76<\/td>\n<td>&#8211;<\/td>\n<td>194<\/td>\n<\/tr>\n<tr>\n<td><\/td>\n<td>6<\/td>\n<td>Ingen hold<\/td>\n<td>&#8211;<\/td>\n<td>Team Smirnoff<\/td>\n<td>0<\/td>\n<td>&#8211;<\/td>\n<td>160<\/td>\n<\/tr>\n<tr>\n<td><\/td>\n<td>7<\/td>\n<td>Murermst. E. Andersen<\/td>\n<td>&#8211;<\/td>\n<td>Netto N\u00f8debo 2<\/td>\n<td>100<\/td>\n<td>&#8211;<\/td>\n<td>250<\/td>\n<\/tr>\n<tr>\n<td><\/td>\n<td>8<\/td>\n<td>Esrum Vognmandsforr.<\/td>\n<td>&#8211;<\/td>\n<td>Skovfl\u00e5ten 1<\/td>\n<td>56<\/td>\n<td>&#8211;<\/td>\n<td>86<\/td>\n<\/tr>\n<tr>\n<td>13:00<\/td>\n<td>9<\/td>\n<td>Gartnerens t\u00f8ser<\/td>\n<td>&#8211;<\/td>\n<td>Team Smirnoff<\/td>\n<td>98<\/td>\n<td>&#8211;<\/td>\n<td>144<\/td>\n<\/tr>\n<tr>\n<td><\/td>\n<td>10<\/td>\n<td>Murermst. E. Andersen<\/td>\n<td>&#8211;<\/td>\n<td>Skovfl\u00e5ten 1<\/td>\n<td>132<\/td>\n<td>&#8211;<\/td>\n<td>124<\/td>\n<\/tr>\n<tr>\n<td><\/td>\n<td>11<\/td>\n<td>Ingen hold<\/td>\n<td>&#8211;<\/td>\n<td>Skovfl\u00e5ten 3<\/td>\n<td>0<\/td>\n<td>&#8211;<\/td>\n<td>168<\/td>\n<\/tr>\n<tr>\n<td><\/td>\n<td>12<\/td>\n<td>Esrum Vognmandsforr.<\/td>\n<td>&#8211;<\/td>\n<td>Netto N\u00f8debo 2<\/td>\n<td>144<\/td>\n<td>&#8211;<\/td>\n<td>214<\/td>\n<\/tr>\n<tr>\n<td>13:45<\/td>\n<td>13<\/td>\n<td>Murermst. E. Andersen<\/td>\n<td>&#8211;<\/td>\n<td>Team Smirnoff<\/td>\n<td>202<\/td>\n<td>&#8211;<\/td>\n<td>150<\/td>\n<\/tr>\n<tr>\n<td><\/td>\n<td>14<\/td>\n<td>Gartnerens t\u00f8ser<\/td>\n<td>&#8211;<\/td>\n<td>Netto N\u00f8debo 2<\/td>\n<td>100<\/td>\n<td>&#8211;<\/td>\n<td>200<\/td>\n<\/tr>\n<tr>\n<td><\/td>\n<td>15<\/td>\n<td>Skovfl\u00e5ten 1<\/td>\n<td>&#8211;<\/td>\n<td>Ingen hold<\/td>\n<td>150<\/td>\n<td>&#8211;<\/td>\n<td>0<\/td>\n<\/tr>\n<tr>\n<td><\/td>\n<td>16<\/td>\n<td>Esrum Vognmandsforr.<\/td>\n<td>&#8211;<\/td>\n<td>Skovfl\u00e5ten 3<\/td>\n<td>114<\/td>\n<td>&#8211;<\/td>\n<td>70<\/td>\n<\/tr>\n<tr>\n<td>14:30<\/td>\n<td>17<\/td>\n<td>Netto N\u00f8debo 2<\/td>\n<td>&#8211;<\/td>\n<td>Ingen hold<\/td>\n<td>226<\/td>\n<td>&#8211;<\/td>\n<td>0<\/td>\n<\/tr>\n<tr>\n<td><\/td>\n<td>18<\/td>\n<td>Murermst. E. Andersen<\/td>\n<td>&#8211;<\/td>\n<td>Skovfl\u00e5ten 3<\/td>\n<td>104<\/td>\n<td>&#8211;<\/td>\n<td>160<\/td>\n<\/tr>\n<tr>\n<td><\/td>\n<td>19<\/td>\n<td>Gartnerens t\u00f8ser<\/td>\n<td>&#8211;<\/td>\n<td>Skovfl\u00e5ten 1<\/td>\n<td>74<\/td>\n<td>&#8211;<\/td>\n<td>110<\/td>\n<\/tr>\n<tr>\n<td><\/td>\n<td>20<\/td>\n<td>Esrum Vognmandsforr.<\/td>\n<td>&#8211;<\/td>\n<td>Team Smirnoff<\/td>\n<td>156<\/td>\n<td>&#8211;<\/td>\n<td>96<\/td>\n<\/tr>\n<\/tbody>\n<\/table>\n<p>&nbsp;<\/p>\n<table width=\"312\">\n<tbody>\n<tr>\n<td width=\"137\">Murermst. E. Andersen<\/td>\n<td width=\"35\"><\/td>\n<td width=\"35\">630<\/td>\n<td width=\"35\">\n<table>\n<tbody>\n<tr>\n<td width=\"35\"><\/td>\n<\/tr>\n<\/tbody>\n<\/table>\n<\/td>\n<td colspan=\"2\" width=\"70\">3<\/td>\n<\/tr>\n<tr>\n<td>Gartnerens t\u00f8ser<\/td>\n<td><\/td>\n<td>414<\/td>\n<td>\n<table>\n<tbody>\n<tr>\n<td width=\"35\"><\/td>\n<\/tr>\n<\/tbody>\n<\/table>\n<\/td>\n<td colspan=\"2\">7<\/td>\n<\/tr>\n<tr>\n<td>Netto N\u00f8debo 2<\/td>\n<td><\/td>\n<td>1100<\/td>\n<td>\n<table>\n<tbody>\n<tr>\n<td width=\"35\"><\/td>\n<\/tr>\n<\/tbody>\n<\/table>\n<\/td>\n<td colspan=\"2\">1<\/td>\n<\/tr>\n<tr>\n<td>Skovfl\u00e5ten 1<\/td>\n<td><\/td>\n<td>592<\/td>\n<td>\n<table>\n<tbody>\n<tr>\n<td width=\"35\"><\/td>\n<\/tr>\n<\/tbody>\n<\/table>\n<\/td>\n<td colspan=\"2\">5<\/td>\n<\/tr>\n<tr>\n<td>Skovfl\u00e5ten 3<\/td>\n<td><\/td>\n<td>714<\/td>\n<td>\n<table>\n<tbody>\n<tr>\n<td width=\"35\"><\/td>\n<\/tr>\n<\/tbody>\n<\/table>\n<\/td>\n<td colspan=\"2\">2<\/td>\n<\/tr>\n<tr>\n<td>Team Smirnoff<\/td>\n<td><\/td>\n<td>628<\/td>\n<td>\n<table>\n<tbody>\n<tr>\n<td width=\"35\"><\/td>\n<\/tr>\n<\/tbody>\n<\/table>\n<\/td>\n<td colspan=\"2\">4<\/td>\n<\/tr>\n<tr>\n<td>Esrum Vognmandsforr.<\/td>\n<td><\/td>\n<td>514<\/td>\n<td>\n<table>\n<tbody>\n<tr>\n<td width=\"35\"><\/td>\n<\/tr>\n<\/tbody>\n<\/table>\n<\/td>\n<td colspan=\"2\">6<\/td>\n<\/tr>\n<tr>\n<td>Ingen hold<\/td>\n<td><\/td>\n<td>0<\/td>\n<td>\n<table>\n<tbody>\n<tr>\n<td width=\"35\"><\/td>\n<\/tr>\n<\/tbody>\n<\/table>\n<\/td>\n<td colspan=\"2\">8<\/td>\n<\/tr>\n<\/tbody>\n<\/table>\n","protected":false},"excerpt":{"rendered":"<p>Ca. tid Kamp nr. Kampe Resultat 11:30 1 Murermst. E. Andersen &#8211; Gartnerens t\u00f8ser 92 &#8211; 66 2 Skovfl\u00e5ten 3 &#8211; Team Smirnoff 122 &#8211; 78 3 Netto N\u00f8debo 2 &#8211; Skovfl\u00e5ten 1 210 &#8211; 122 4 Esrum Vognmandsforr. &#8211; Ingen hold 44 &#8211; 0 12:15 5 Gartnerens t\u00f8ser &#8211; Skovfl\u00e5ten 3 76 &#8211; 194 [&hellip;]<\/p>\n","protected":false},"author":1,"featured_media":0,"parent":0,"menu_order":0,"comment_status":"closed","ping_status":"closed","template":"","meta":{"footnotes":""},"_links":{"self":[{"href":"https:\/\/tingbakkehallen.dk\/keglecup\/2020\/wp-json\/wp\/v2\/pages\/85"}],"collection":[{"href":"https:\/\/tingbakkehallen.dk\/keglecup\/2020\/wp-json\/wp\/v2\/pages"}],"about":[{"href":"https:\/\/tingbakkehallen.dk\/keglecup\/2020\/wp-json\/wp\/v2\/types\/page"}],"author":[{"embeddable":true,"href":"https:\/\/tingbakkehallen.dk\/keglecup\/2020\/wp-json\/wp\/v2\/users\/1"}],"replies":[{"embeddable":true,"href":"https:\/\/tingbakkehallen.dk\/keglecup\/2020\/wp-json\/wp\/v2\/comments?post=85"}],"version-history":[{"count":7,"href":"https:\/\/tingbakkehallen.dk\/keglecup\/2020\/wp-json\/wp\/v2\/pages\/85\/revisions"}],"predecessor-version":[{"id":95,"href":"https:\/\/tingbakkehallen.dk\/keglecup\/2020\/wp-json\/wp\/v2\/pages\/85\/revisions\/95"}],"wp:attachment":[{"href":"https:\/\/tingbakkehallen.dk\/keglecup\/2020\/wp-json\/wp\/v2\/media?parent=85"}],"curies":[{"name":"wp","href":"https:\/\/api.w.org\/{rel}","templated":true}]}}