{"id":20,"date":"2019-12-28T21:57:42","date_gmt":"2019-12-28T20:57:42","guid":{"rendered":"https:\/\/tingbakkehallen.dk\/keglecup\/2020\/?page_id=20"},"modified":"2026-01-25T20:01:01","modified_gmt":"2026-01-25T19:01:01","slug":"forsiden","status":"publish","type":"page","link":"https:\/\/tingbakkehallen.dk\/keglecup\/2026\/","title":{"rendered":"Forsiden"},"content":{"rendered":"<p style=\"text-align: center;\">KegleCup 2026<br \/>\n24. &amp; 25. januar i TINGBAKKEHALLEN nr. 32 i r\u00e6kken<br \/>\nEfter at 47 hold har v\u00e6ret ved bannere i weekenden var det<br \/>\n<strong>Smidstrup Brol\u00e6gning der vandt KegleCup 2026 i Tingbakkehallen<\/strong><\/p>\n<p style=\"text-align: center;\">Smidstrup Brol\u00e6gning Blev nr. 1<br \/>\n<img loading=\"lazy\" decoding=\"async\" class=\"alignnone size-full wp-image-646\" src=\"https:\/\/tingbakkehallen.dk\/keglecup\/2026\/wp-content\/uploads\/2026\/01\/SmidstrupBrolaegning.jpg\" alt=\"\" width=\"600\" height=\"471\" srcset=\"https:\/\/tingbakkehallen.dk\/keglecup\/2026\/wp-content\/uploads\/2026\/01\/SmidstrupBrolaegning.jpg 600w, https:\/\/tingbakkehallen.dk\/keglecup\/2026\/wp-content\/uploads\/2026\/01\/SmidstrupBrolaegning-300x236.jpg 300w\" sizes=\"auto, (max-width: 600px) 100vw, 600px\" \/><\/p>\n<p style=\"text-align: center;\">Holdet Blev nr. 2<br \/>\n<img loading=\"lazy\" decoding=\"async\" class=\"alignnone size-full wp-image-647\" src=\"https:\/\/tingbakkehallen.dk\/keglecup\/2026\/wp-content\/uploads\/2026\/01\/holdet.jpg\" alt=\"\" width=\"600\" height=\"455\" srcset=\"https:\/\/tingbakkehallen.dk\/keglecup\/2026\/wp-content\/uploads\/2026\/01\/holdet.jpg 600w, https:\/\/tingbakkehallen.dk\/keglecup\/2026\/wp-content\/uploads\/2026\/01\/holdet-300x228.jpg 300w\" sizes=\"auto, (max-width: 600px) 100vw, 600px\" \/><\/p>\n<p>&nbsp;<\/p>\n<p style=\"text-align: center;\"><strong><em>Tingbakkehallens venner st\u00f8tter de lokale foreninger som bruger hallen, samt optimere hallen med inventar og ikke mindst vedligeholder lokaliteterne.<\/em><\/strong><\/p>\n<p style=\"text-align: center;\">\n","protected":false},"excerpt":{"rendered":"<p>KegleCup 2026 24. &amp; 25. januar i TINGBAKKEHALLEN nr. 32 i r\u00e6kken Efter at 47 hold har v\u00e6ret ved bannere i weekenden var det Smidstrup Brol\u00e6gning der vandt KegleCup 2026 i Tingbakkehallen Smidstrup Brol\u00e6gning Blev nr. 1 Holdet Blev nr. 2 &nbsp; Tingbakkehallens venner st\u00f8tter de lokale foreninger som bruger hallen, samt optimere hallen med [&hellip;]<\/p>\n","protected":false},"author":1,"featured_media":0,"parent":0,"menu_order":0,"comment_status":"closed","ping_status":"closed","template":"","meta":{"footnotes":""},"class_list":["post-20","page","type-page","status-publish","hentry"],"_links":{"self":[{"href":"https:\/\/tingbakkehallen.dk\/keglecup\/2026\/wp-json\/wp\/v2\/pages\/20","targetHints":{"allow":["GET"]}}],"collection":[{"href":"https:\/\/tingbakkehallen.dk\/keglecup\/2026\/wp-json\/wp\/v2\/pages"}],"about":[{"href":"https:\/\/tingbakkehallen.dk\/keglecup\/2026\/wp-json\/wp\/v2\/types\/page"}],"author":[{"embeddable":true,"href":"https:\/\/tingbakkehallen.dk\/keglecup\/2026\/wp-json\/wp\/v2\/users\/1"}],"replies":[{"embeddable":true,"href":"https:\/\/tingbakkehallen.dk\/keglecup\/2026\/wp-json\/wp\/v2\/comments?post=20"}],"version-history":[{"count":55,"href":"https:\/\/tingbakkehallen.dk\/keglecup\/2026\/wp-json\/wp\/v2\/pages\/20\/revisions"}],"predecessor-version":[{"id":648,"href":"https:\/\/tingbakkehallen.dk\/keglecup\/2026\/wp-json\/wp\/v2\/pages\/20\/revisions\/648"}],"wp:attachment":[{"href":"https:\/\/tingbakkehallen.dk\/keglecup\/2026\/wp-json\/wp\/v2\/media?parent=20"}],"curies":[{"name":"wp","href":"https:\/\/api.w.org\/{rel}","templated":true}]}}