{"id":410,"date":"2024-02-03T17:31:16","date_gmt":"2024-02-03T16:31:16","guid":{"rendered":"https:\/\/tingbakkehallen.dk\/keglecup\/2024\/?page_id=410"},"modified":"2026-01-25T09:09:08","modified_gmt":"2026-01-25T08:09:08","slug":"pulje-1-resultat","status":"publish","type":"page","link":"https:\/\/tingbakkehallen.dk\/keglecup\/2026\/pulje-1-resultat\/","title":{"rendered":"pulje-1-resultat"},"content":{"rendered":"<table width=\"624\">\n<tbody>\n<tr>\n<td width=\"109\">Ca. tid<\/td>\n<td colspan=\"2\" width=\"210\">Kamp nr.<\/td>\n<td width=\"40\">Kampe<\/td>\n<td width=\"147\">Pulje 1<\/td>\n<td width=\"50\"><\/td>\n<td width=\"18\">Resultat<\/td>\n<td width=\"50\"><\/td>\n<\/tr>\n<tr>\n<td><\/td>\n<td><\/td>\n<td><\/td>\n<td><\/td>\n<td><\/td>\n<td><\/td>\n<td><\/td>\n<td><\/td>\n<\/tr>\n<tr>\n<td>11:00<\/td>\n<td>1<\/td>\n<td>De h\u00e5bl\u00f8se<\/td>\n<td>&#8211;<\/td>\n<td>Br\u00f8drene<\/td>\n<td>222<\/td>\n<td>&#8211;<\/td>\n<td>182<\/td>\n<\/tr>\n<tr>\n<td><\/td>\n<td>2<\/td>\n<td>Hajerne<\/td>\n<td>&#8211;<\/td>\n<td>Bane 3 til bane 4<\/td>\n<td>124<\/td>\n<td>&#8211;<\/td>\n<td>104<\/td>\n<\/tr>\n<tr>\n<td><\/td>\n<td>3<\/td>\n<td>De utilregnelige<\/td>\n<td>&#8211;<\/td>\n<td>De 3 tossede kegler<\/td>\n<td>138<\/td>\n<td>&#8211;<\/td>\n<td>90<\/td>\n<\/tr>\n<tr>\n<td><\/td>\n<td>4<\/td>\n<td>Fragglerne<\/td>\n<td>&#8211;<\/td>\n<td>Ingen hold<\/td>\n<td>178<\/td>\n<td>&#8211;<\/td>\n<td>0<\/td>\n<\/tr>\n<tr>\n<td>11:45<\/td>\n<td>5<\/td>\n<td>Br\u00f8drene<\/td>\n<td>&#8211;<\/td>\n<td>Hajerne<\/td>\n<td>230<\/td>\n<td>&#8211;<\/td>\n<td>178<\/td>\n<\/tr>\n<tr>\n<td><\/td>\n<td>6<\/td>\n<td>Ingen hold<\/td>\n<td>&#8211;<\/td>\n<td>Bane 3 til bane 4<\/td>\n<td>0<\/td>\n<td>&#8211;<\/td>\n<td>124<\/td>\n<\/tr>\n<tr>\n<td><\/td>\n<td>7<\/td>\n<td>De h\u00e5bl\u00f8se<\/td>\n<td>&#8211;<\/td>\n<td>De utilregnelige<\/td>\n<td>108<\/td>\n<td>&#8211;<\/td>\n<td>146<\/td>\n<\/tr>\n<tr>\n<td><\/td>\n<td>8<\/td>\n<td>Fragglerne<\/td>\n<td>&#8211;<\/td>\n<td>De 3 tossede kegler<\/td>\n<td>162<\/td>\n<td>&#8211;<\/td>\n<td>136<\/td>\n<\/tr>\n<tr>\n<td>12:30<\/td>\n<td>9<\/td>\n<td>Br\u00f8drene<\/td>\n<td>&#8211;<\/td>\n<td>Bane 3 til bane 4<\/td>\n<td>174<\/td>\n<td>&#8211;<\/td>\n<td>176<\/td>\n<\/tr>\n<tr>\n<td><\/td>\n<td>10<\/td>\n<td>De h\u00e5bl\u00f8se<\/td>\n<td>&#8211;<\/td>\n<td>De 3 tossede kegler<\/td>\n<td>152<\/td>\n<td>&#8211;<\/td>\n<td>172<\/td>\n<\/tr>\n<tr>\n<td><\/td>\n<td>11<\/td>\n<td>Ingen hold<\/td>\n<td>&#8211;<\/td>\n<td>Hajerne<\/td>\n<td>0<\/td>\n<td>&#8211;<\/td>\n<td>174<\/td>\n<\/tr>\n<tr>\n<td><\/td>\n<td>12<\/td>\n<td>Fragglerne<\/td>\n<td>&#8211;<\/td>\n<td>De utilregnelige<\/td>\n<td>172<\/td>\n<td>&#8211;<\/td>\n<td>108<\/td>\n<\/tr>\n<tr>\n<td>13:15<\/td>\n<td>13<\/td>\n<td>De h\u00e5bl\u00f8se<\/td>\n<td>&#8211;<\/td>\n<td>Bane 3 til bane 4<\/td>\n<td>180<\/td>\n<td>&#8211;<\/td>\n<td>162<\/td>\n<\/tr>\n<tr>\n<td><\/td>\n<td>14<\/td>\n<td>Br\u00f8drene<\/td>\n<td>&#8211;<\/td>\n<td>De utilregnelige<\/td>\n<td>182<\/td>\n<td>&#8211;<\/td>\n<td>168<\/td>\n<\/tr>\n<tr>\n<td><\/td>\n<td>15<\/td>\n<td>De 3 tossede kegler<\/td>\n<td>&#8211;<\/td>\n<td>Ingen hold<\/td>\n<td>86<\/td>\n<td>&#8211;<\/td>\n<td>0<\/td>\n<\/tr>\n<tr>\n<td><\/td>\n<td>16<\/td>\n<td>Fragglerne<\/td>\n<td>&#8211;<\/td>\n<td>Hajerne<\/td>\n<td>142<\/td>\n<td>&#8211;<\/td>\n<td>204<\/td>\n<\/tr>\n<tr>\n<td>14:00<\/td>\n<td>17<\/td>\n<td>De utilregnelige<\/td>\n<td>&#8211;<\/td>\n<td>Ingen hold<\/td>\n<td>194<\/td>\n<td>&#8211;<\/td>\n<td>0<\/td>\n<\/tr>\n<tr>\n<td><\/td>\n<td>18<\/td>\n<td>De h\u00e5bl\u00f8se<\/td>\n<td>&#8211;<\/td>\n<td>Hajerne<\/td>\n<td>214<\/td>\n<td>&#8211;<\/td>\n<td>242<\/td>\n<\/tr>\n<tr>\n<td><\/td>\n<td>19<\/td>\n<td>Br\u00f8drene<\/td>\n<td>&#8211;<\/td>\n<td>De 3 tossede kegler<\/td>\n<td>192<\/td>\n<td>&#8211;<\/td>\n<td>102<\/td>\n<\/tr>\n<tr>\n<td><\/td>\n<td>20<\/td>\n<td>Fragglerne<\/td>\n<td>&#8211;<\/td>\n<td>Bane 3 til bane 4<\/td>\n<td>154<\/td>\n<td>&#8211;<\/td>\n<td>132<\/td>\n<\/tr>\n<\/tbody>\n<\/table>\n<table width=\"451\">\n<tbody>\n<tr>\n<td width=\"147\">Samlet scorer<\/td>\n<td width=\"38\"><\/td>\n<td width=\"38\"><\/td>\n<td width=\"38\"><\/td>\n<td colspan=\"2\" width=\"76\">Placering<\/td>\n<td width=\"38\"><\/td>\n<td width=\"38\"><\/td>\n<td width=\"38\"><\/td>\n<\/tr>\n<tr>\n<td><\/td>\n<td><\/td>\n<td><\/td>\n<td><\/td>\n<td><\/td>\n<td><\/td>\n<td><\/td>\n<td colspan=\"2\"><\/td>\n<\/tr>\n<tr>\n<td>De h\u00e5bl\u00f8se<\/td>\n<td><\/td>\n<td>876<\/td>\n<td><\/td>\n<td colspan=\"2\">3<\/td>\n<td><\/td>\n<td><\/td>\n<td><\/td>\n<\/tr>\n<tr>\n<td>Br\u00f8drene<\/td>\n<td><\/td>\n<td>960<\/td>\n<td><\/td>\n<td colspan=\"2\">1<\/td>\n<td><\/td>\n<td><\/td>\n<td><\/td>\n<\/tr>\n<tr>\n<td>De utilregnelige<\/td>\n<td><\/td>\n<td>754<\/td>\n<td><\/td>\n<td colspan=\"2\">5<\/td>\n<td><\/td>\n<td><\/td>\n<td><\/td>\n<\/tr>\n<tr>\n<td>De 3 tossede kegler<\/td>\n<td><\/td>\n<td>586<\/td>\n<td><\/td>\n<td colspan=\"2\">7<\/td>\n<td><\/td>\n<td><\/td>\n<td><\/td>\n<\/tr>\n<tr>\n<td>Hajerne<\/td>\n<td><\/td>\n<td>922<\/td>\n<td><\/td>\n<td colspan=\"2\">2<\/td>\n<td><\/td>\n<td><\/td>\n<td><\/td>\n<\/tr>\n<tr>\n<td>Bane 3 til bane 4<\/td>\n<td><\/td>\n<td>698<\/td>\n<td><\/td>\n<td colspan=\"2\">6<\/td>\n<td><\/td>\n<td><\/td>\n<td><\/td>\n<\/tr>\n<tr>\n<td>Fragglerne<\/td>\n<td><\/td>\n<td>808<\/td>\n<td><\/td>\n<td colspan=\"2\">4<\/td>\n<td><\/td>\n<td><\/td>\n<td><\/td>\n<\/tr>\n<tr>\n<td>Ingen hold<\/td>\n<td><\/td>\n<td>0<\/td>\n<td><\/td>\n<td colspan=\"2\">8<\/td>\n<td><\/td>\n<td><\/td>\n<td><\/td>\n<\/tr>\n<\/tbody>\n<\/table>\n","protected":false},"excerpt":{"rendered":"<p>Ca. tid Kamp nr. Kampe Pulje 1 Resultat 11:00 1 De h\u00e5bl\u00f8se &#8211; Br\u00f8drene 222 &#8211; 182 2 Hajerne &#8211; Bane 3 til bane 4 124 &#8211; 104 3 De utilregnelige &#8211; De 3 tossede kegler 138 &#8211; 90 4 Fragglerne &#8211; Ingen hold 178 &#8211; 0 11:45 5 Br\u00f8drene &#8211; Hajerne 230 &#8211; 178 [&hellip;]<\/p>\n","protected":false},"author":1,"featured_media":0,"parent":0,"menu_order":0,"comment_status":"closed","ping_status":"closed","template":"","meta":{"footnotes":""},"class_list":["post-410","page","type-page","status-publish","hentry"],"_links":{"self":[{"href":"https:\/\/tingbakkehallen.dk\/keglecup\/2026\/wp-json\/wp\/v2\/pages\/410","targetHints":{"allow":["GET"]}}],"collection":[{"href":"https:\/\/tingbakkehallen.dk\/keglecup\/2026\/wp-json\/wp\/v2\/pages"}],"about":[{"href":"https:\/\/tingbakkehallen.dk\/keglecup\/2026\/wp-json\/wp\/v2\/types\/page"}],"author":[{"embeddable":true,"href":"https:\/\/tingbakkehallen.dk\/keglecup\/2026\/wp-json\/wp\/v2\/users\/1"}],"replies":[{"embeddable":true,"href":"https:\/\/tingbakkehallen.dk\/keglecup\/2026\/wp-json\/wp\/v2\/comments?post=410"}],"version-history":[{"count":6,"href":"https:\/\/tingbakkehallen.dk\/keglecup\/2026\/wp-json\/wp\/v2\/pages\/410\/revisions"}],"predecessor-version":[{"id":620,"href":"https:\/\/tingbakkehallen.dk\/keglecup\/2026\/wp-json\/wp\/v2\/pages\/410\/revisions\/620"}],"wp:attachment":[{"href":"https:\/\/tingbakkehallen.dk\/keglecup\/2026\/wp-json\/wp\/v2\/media?parent=410"}],"curies":[{"name":"wp","href":"https:\/\/api.w.org\/{rel}","templated":true}]}}