{"id":415,"date":"2024-02-04T08:17:38","date_gmt":"2024-02-04T07:17:38","guid":{"rendered":"https:\/\/tingbakkehallen.dk\/keglecup\/2024\/?page_id=415"},"modified":"2026-01-25T09:09:37","modified_gmt":"2026-01-25T08:09:37","slug":"pulje-3-resultat","status":"publish","type":"page","link":"https:\/\/tingbakkehallen.dk\/keglecup\/2026\/pulje-3-resultat\/","title":{"rendered":"pulje-3-resultat"},"content":{"rendered":"<table width=\"624\">\n<tbody>\n<tr>\n<td width=\"109\">Ca. tid<\/td>\n<td colspan=\"2\" width=\"210\">Kamp nr.<\/td>\n<td width=\"40\">Kampe<\/td>\n<td width=\"147\">Pulje 3<\/td>\n<td width=\"50\"><\/td>\n<td width=\"18\">Resultat<\/td>\n<td width=\"50\"><\/td>\n<\/tr>\n<tr>\n<td><\/td>\n<td><\/td>\n<td><\/td>\n<td><\/td>\n<td><\/td>\n<td><\/td>\n<td><\/td>\n<td><\/td>\n<\/tr>\n<tr>\n<td>14:55<\/td>\n<td>1<\/td>\n<td>StrikeStormen TKT<\/td>\n<td>&#8211;<\/td>\n<td>Keglequeens<\/td>\n<td>180<\/td>\n<td>&#8211;<\/td>\n<td>118<\/td>\n<\/tr>\n<tr>\n<td><\/td>\n<td>2<\/td>\n<td>Keglej\u00e6gerne<\/td>\n<td>&#8211;<\/td>\n<td>J. Madsen Autoopret.<\/td>\n<td>206<\/td>\n<td>&#8211;<\/td>\n<td>98<\/td>\n<\/tr>\n<tr>\n<td><\/td>\n<td>3<\/td>\n<td>Mors piger<\/td>\n<td>&#8211;<\/td>\n<td>1. sals pigerne<\/td>\n<td>116<\/td>\n<td>&#8211;<\/td>\n<td>242<\/td>\n<\/tr>\n<tr>\n<td><\/td>\n<td>4<\/td>\n<td>Tanktop &amp; T\u00f8nderne<\/td>\n<td>&#8211;<\/td>\n<td>Ingen hold<\/td>\n<td>178<\/td>\n<td>&#8211;<\/td>\n<td>0<\/td>\n<\/tr>\n<tr>\n<td>15:40<\/td>\n<td>5<\/td>\n<td>Keglequeens<\/td>\n<td>&#8211;<\/td>\n<td>Keglej\u00e6gerne<\/td>\n<td>186<\/td>\n<td>&#8211;<\/td>\n<td>180<\/td>\n<\/tr>\n<tr>\n<td><\/td>\n<td>6<\/td>\n<td>Ingen hold<\/td>\n<td>&#8211;<\/td>\n<td>J. Madsen Autoopret.<\/td>\n<td>0<\/td>\n<td>&#8211;<\/td>\n<td>134<\/td>\n<\/tr>\n<tr>\n<td><\/td>\n<td>7<\/td>\n<td>StrikeStormen TKT<\/td>\n<td>&#8211;<\/td>\n<td>Mors piger<\/td>\n<td>118<\/td>\n<td>&#8211;<\/td>\n<td>214<\/td>\n<\/tr>\n<tr>\n<td><\/td>\n<td>8<\/td>\n<td>Tanktop &amp; T\u00f8nderne<\/td>\n<td>&#8211;<\/td>\n<td>1. sals pigerne<\/td>\n<td>126<\/td>\n<td>&#8211;<\/td>\n<td>154<\/td>\n<\/tr>\n<tr>\n<td>16:25<\/td>\n<td>9<\/td>\n<td>Keglequeens<\/td>\n<td>&#8211;<\/td>\n<td>J. Madsen Autoopret.<\/td>\n<td>194<\/td>\n<td>&#8211;<\/td>\n<td>112<\/td>\n<\/tr>\n<tr>\n<td><\/td>\n<td>10<\/td>\n<td>StrikeStormen TKT<\/td>\n<td>&#8211;<\/td>\n<td>1. sals pigerne<\/td>\n<td>176<\/td>\n<td>&#8211;<\/td>\n<td>194<\/td>\n<\/tr>\n<tr>\n<td><\/td>\n<td>11<\/td>\n<td>Ingen hold<\/td>\n<td>&#8211;<\/td>\n<td>Keglej\u00e6gerne<\/td>\n<td>0<\/td>\n<td>&#8211;<\/td>\n<td>174<\/td>\n<\/tr>\n<tr>\n<td><\/td>\n<td>12<\/td>\n<td>Tanktop &amp; T\u00f8nderne<\/td>\n<td>&#8211;<\/td>\n<td>Mors piger<\/td>\n<td>180<\/td>\n<td>&#8211;<\/td>\n<td>116<\/td>\n<\/tr>\n<tr>\n<td>17:10<\/td>\n<td>13<\/td>\n<td>StrikeStormen TKT<\/td>\n<td>&#8211;<\/td>\n<td>J. Madsen Autoopret.<\/td>\n<td>132<\/td>\n<td>&#8211;<\/td>\n<td>84<\/td>\n<\/tr>\n<tr>\n<td><\/td>\n<td>14<\/td>\n<td>Keglequeens<\/td>\n<td>&#8211;<\/td>\n<td>Mors piger<\/td>\n<td>162<\/td>\n<td>&#8211;<\/td>\n<td>214<\/td>\n<\/tr>\n<tr>\n<td><\/td>\n<td>15<\/td>\n<td>1. sals pigerne<\/td>\n<td>&#8211;<\/td>\n<td>Ingen hold<\/td>\n<td>158<\/td>\n<td>&#8211;<\/td>\n<td>0<\/td>\n<\/tr>\n<tr>\n<td><\/td>\n<td>16<\/td>\n<td>Tanktop &amp; T\u00f8nderne<\/td>\n<td>&#8211;<\/td>\n<td>Keglej\u00e6gerne<\/td>\n<td>224<\/td>\n<td>&#8211;<\/td>\n<td>192<\/td>\n<\/tr>\n<tr>\n<td>17:55<\/td>\n<td>17<\/td>\n<td>Mors piger<\/td>\n<td>&#8211;<\/td>\n<td>Ingen hold<\/td>\n<td>134<\/td>\n<td>&#8211;<\/td>\n<td>0<\/td>\n<\/tr>\n<tr>\n<td><\/td>\n<td>18<\/td>\n<td>StrikeStormen TKT<\/td>\n<td>&#8211;<\/td>\n<td>Keglej\u00e6gerne<\/td>\n<td>94<\/td>\n<td>&#8211;<\/td>\n<td>194<\/td>\n<\/tr>\n<tr>\n<td><\/td>\n<td>19<\/td>\n<td>Keglequeens<\/td>\n<td>&#8211;<\/td>\n<td>1. sals pigerne<\/td>\n<td>122<\/td>\n<td>&#8211;<\/td>\n<td>130<\/td>\n<\/tr>\n<tr>\n<td><\/td>\n<td>20<\/td>\n<td>Tanktop &amp; T\u00f8nderne<\/td>\n<td>&#8211;<\/td>\n<td>J. Madsen Autoopret.<\/td>\n<td>114<\/td>\n<td>&#8211;<\/td>\n<td>104<\/td>\n<\/tr>\n<tr>\n<td>slut kl. ca. 18:40<\/td>\n<td><\/td>\n<td><\/td>\n<td><\/td>\n<td><\/td>\n<td><\/td>\n<td><\/td>\n<td><\/td>\n<\/tr>\n<\/tbody>\n<\/table>\n<table width=\"451\">\n<tbody>\n<tr>\n<td width=\"147\">Samlet scorer<\/td>\n<td width=\"38\"><\/td>\n<td width=\"38\"><\/td>\n<td width=\"38\"><\/td>\n<td colspan=\"2\" width=\"76\">Placering<\/td>\n<td width=\"38\"><\/td>\n<td width=\"38\"><\/td>\n<td width=\"38\"><\/td>\n<\/tr>\n<tr>\n<td><\/td>\n<td><\/td>\n<td><\/td>\n<td><\/td>\n<td><\/td>\n<td><\/td>\n<td><\/td>\n<td colspan=\"2\"><\/td>\n<\/tr>\n<tr>\n<td>StrikeStormen TKT<\/td>\n<td><\/td>\n<td>700<\/td>\n<td><\/td>\n<td colspan=\"2\">6<\/td>\n<td><\/td>\n<td><\/td>\n<td><\/td>\n<\/tr>\n<tr>\n<td>Keglequeens<\/td>\n<td><\/td>\n<td>782<\/td>\n<td><\/td>\n<td colspan=\"2\">5<\/td>\n<td><\/td>\n<td><\/td>\n<td><\/td>\n<\/tr>\n<tr>\n<td>Mors piger<\/td>\n<td><\/td>\n<td>794<\/td>\n<td><\/td>\n<td colspan=\"2\">4<\/td>\n<td><\/td>\n<td><\/td>\n<td><\/td>\n<\/tr>\n<tr>\n<td>1. sals pigerne<\/td>\n<td><\/td>\n<td>878<\/td>\n<td><\/td>\n<td colspan=\"2\">2<\/td>\n<td><\/td>\n<td><\/td>\n<td><\/td>\n<\/tr>\n<tr>\n<td>Keglej\u00e6gerne<\/td>\n<td><\/td>\n<td>946<\/td>\n<td><\/td>\n<td colspan=\"2\">1<\/td>\n<td><\/td>\n<td><\/td>\n<td><\/td>\n<\/tr>\n<tr>\n<td>J. Madsen Autoopret.<\/td>\n<td><\/td>\n<td>532<\/td>\n<td><\/td>\n<td colspan=\"2\">7<\/td>\n<td><\/td>\n<td><\/td>\n<td><\/td>\n<\/tr>\n<tr>\n<td>Tanktop &amp; T\u00f8nderne<\/td>\n<td><\/td>\n<td>822<\/td>\n<td><\/td>\n<td colspan=\"2\">3<\/td>\n<td><\/td>\n<td><\/td>\n<td><\/td>\n<\/tr>\n<tr>\n<td>Ingen hold<\/td>\n<td><\/td>\n<td>0<\/td>\n<td><\/td>\n<td colspan=\"2\">8<\/td>\n<td><\/td>\n<td><\/td>\n<td><\/td>\n<\/tr>\n<\/tbody>\n<\/table>\n","protected":false},"excerpt":{"rendered":"<p>Ca. tid Kamp nr. Kampe Pulje 3 Resultat 14:55 1 StrikeStormen TKT &#8211; Keglequeens 180 &#8211; 118 2 Keglej\u00e6gerne &#8211; J. Madsen Autoopret. 206 &#8211; 98 3 Mors piger &#8211; 1. sals pigerne 116 &#8211; 242 4 Tanktop &amp; T\u00f8nderne &#8211; Ingen hold 178 &#8211; 0 15:40 5 Keglequeens &#8211; Keglej\u00e6gerne 186 &#8211; 180 6 [&hellip;]<\/p>\n","protected":false},"author":1,"featured_media":0,"parent":0,"menu_order":0,"comment_status":"closed","ping_status":"closed","template":"","meta":{"footnotes":""},"class_list":["post-415","page","type-page","status-publish","hentry"],"_links":{"self":[{"href":"https:\/\/tingbakkehallen.dk\/keglecup\/2026\/wp-json\/wp\/v2\/pages\/415","targetHints":{"allow":["GET"]}}],"collection":[{"href":"https:\/\/tingbakkehallen.dk\/keglecup\/2026\/wp-json\/wp\/v2\/pages"}],"about":[{"href":"https:\/\/tingbakkehallen.dk\/keglecup\/2026\/wp-json\/wp\/v2\/types\/page"}],"author":[{"embeddable":true,"href":"https:\/\/tingbakkehallen.dk\/keglecup\/2026\/wp-json\/wp\/v2\/users\/1"}],"replies":[{"embeddable":true,"href":"https:\/\/tingbakkehallen.dk\/keglecup\/2026\/wp-json\/wp\/v2\/comments?post=415"}],"version-history":[{"count":7,"href":"https:\/\/tingbakkehallen.dk\/keglecup\/2026\/wp-json\/wp\/v2\/pages\/415\/revisions"}],"predecessor-version":[{"id":622,"href":"https:\/\/tingbakkehallen.dk\/keglecup\/2026\/wp-json\/wp\/v2\/pages\/415\/revisions\/622"}],"wp:attachment":[{"href":"https:\/\/tingbakkehallen.dk\/keglecup\/2026\/wp-json\/wp\/v2\/media?parent=415"}],"curies":[{"name":"wp","href":"https:\/\/api.w.org\/{rel}","templated":true}]}}