{"id":419,"date":"2024-02-04T08:18:05","date_gmt":"2024-02-04T07:18:05","guid":{"rendered":"https:\/\/tingbakkehallen.dk\/keglecup\/2024\/?page_id=419"},"modified":"2026-01-25T09:11:18","modified_gmt":"2026-01-25T08:11:18","slug":"pulje-6-resultat","status":"publish","type":"page","link":"https:\/\/tingbakkehallen.dk\/keglecup\/2026\/pulje-6-resultat\/","title":{"rendered":"pulje-6-resultat"},"content":{"rendered":"<p>Pulje 6<\/p>\n<table width=\"610\">\n<tbody>\n<tr>\n<td width=\"106\">18:50<\/td>\n<td width=\"63\">1<\/td>\n<td width=\"144\">Esrum Billard 1<\/td>\n<td width=\"35\">&#8211;<\/td>\n<td width=\"144\">Pr\u00e6rierytterne<\/td>\n<td width=\"50\">180<\/td>\n<td width=\"18\">&#8211;<\/td>\n<td width=\"50\">138<\/td>\n<\/tr>\n<tr>\n<td><\/td>\n<td>2<\/td>\n<td>13. hjemmehold<\/td>\n<td>&#8211;<\/td>\n<td>Murerm.Thomas Olsen<\/td>\n<td>164<\/td>\n<td>&#8211;<\/td>\n<td>162<\/td>\n<\/tr>\n<tr>\n<td><\/td>\n<td>3<\/td>\n<td>Keglerne<\/td>\n<td>&#8211;<\/td>\n<td>Meny Gr\u00e6sted<\/td>\n<td>78<\/td>\n<td>&#8211;<\/td>\n<td>112<\/td>\n<\/tr>\n<tr>\n<td>19:30<\/td>\n<td>4<\/td>\n<td>Pr\u00e6rierytterne<\/td>\n<td>&#8211;<\/td>\n<td>13. hjemmehold<\/td>\n<td>122<\/td>\n<td>&#8211;<\/td>\n<td>192<\/td>\n<\/tr>\n<tr>\n<td><\/td>\n<td>5<\/td>\n<td>Meny Gr\u00e6sted<\/td>\n<td>&#8211;<\/td>\n<td>Murerm.Thomas Olsen<\/td>\n<td>156<\/td>\n<td>&#8211;<\/td>\n<td>172<\/td>\n<\/tr>\n<tr>\n<td><\/td>\n<td>6<\/td>\n<td>Esrum Billard 1<\/td>\n<td>&#8211;<\/td>\n<td>Keglerne<\/td>\n<td>204<\/td>\n<td>&#8211;<\/td>\n<td>210<\/td>\n<\/tr>\n<tr>\n<td>20:10<\/td>\n<td>7<\/td>\n<td>Pr\u00e6rierytterne<\/td>\n<td>&#8211;<\/td>\n<td>Murerm.Thomas Olsen<\/td>\n<td>128<\/td>\n<td>&#8211;<\/td>\n<td>258<\/td>\n<\/tr>\n<tr>\n<td><\/td>\n<td>8<\/td>\n<td>Esrum Billard 1<\/td>\n<td>&#8211;<\/td>\n<td>Meny Gr\u00e6sted<\/td>\n<td>136<\/td>\n<td>&#8211;<\/td>\n<td>152<\/td>\n<\/tr>\n<tr>\n<td><\/td>\n<td>9<\/td>\n<td>Keglerne<\/td>\n<td>&#8211;<\/td>\n<td>13. hjemmehold<\/td>\n<td>216<\/td>\n<td>&#8211;<\/td>\n<td>114<\/td>\n<\/tr>\n<tr>\n<td>20:50<\/td>\n<td>10<\/td>\n<td>Esrum Billard 1<\/td>\n<td>&#8211;<\/td>\n<td>Murerm.Thomas Olsen<\/td>\n<td>218<\/td>\n<td>&#8211;<\/td>\n<td>158<\/td>\n<\/tr>\n<tr>\n<td><\/td>\n<td>11<\/td>\n<td>Pr\u00e6rierytterne<\/td>\n<td>&#8211;<\/td>\n<td>Keglerne<\/td>\n<td>150<\/td>\n<td>&#8211;<\/td>\n<td>218<\/td>\n<\/tr>\n<tr>\n<td><\/td>\n<td>12<\/td>\n<td>Meny Gr\u00e6sted<\/td>\n<td>&#8211;<\/td>\n<td>13. hjemmehold<\/td>\n<td>78<\/td>\n<td>&#8211;<\/td>\n<td>170<\/td>\n<\/tr>\n<tr>\n<td>21:30<\/td>\n<td>13<\/td>\n<td>Keglerne<\/td>\n<td>&#8211;<\/td>\n<td>Murerm.Thomas Olsen<\/td>\n<td>144<\/td>\n<td>&#8211;<\/td>\n<td>158<\/td>\n<\/tr>\n<tr>\n<td><\/td>\n<td>14<\/td>\n<td>Esrum Billard 1<\/td>\n<td>&#8211;<\/td>\n<td>13. hjemmehold<\/td>\n<td>168<\/td>\n<td>&#8211;<\/td>\n<td>92<\/td>\n<\/tr>\n<tr>\n<td><\/td>\n<td>15<\/td>\n<td>Pr\u00e6rierytterne<\/td>\n<td>&#8211;<\/td>\n<td>Meny Gr\u00e6sted<\/td>\n<td>0<\/td>\n<td>&#8211;<\/td>\n<td>0<\/td>\n<\/tr>\n<tr>\n<td><\/td>\n<td><\/td>\n<td><\/td>\n<td><\/td>\n<td><\/td>\n<td><\/td>\n<td><\/td>\n<td><\/td>\n<\/tr>\n<tr>\n<td>slut kl. ca. 22.10<\/td>\n<td><\/td>\n<td><\/td>\n<td><\/td>\n<td><\/td>\n<td><\/td>\n<td><\/td>\n<td><\/td>\n<\/tr>\n<\/tbody>\n<\/table>\n<table style=\"width: 32.4258%;\" width=\"448\">\n<tbody>\n<tr>\n<td style=\"width: 28.3525%;\" width=\"144\">Samlet scorer<\/td>\n<td style=\"width: 5.9387%;\" width=\"38\"><\/td>\n<td style=\"width: 10.9195%;\" width=\"45\"><\/td>\n<td style=\"width: 6.13027%;\" width=\"38\"><\/td>\n<td style=\"width: 23.7548%;\" colspan=\"2\" width=\"76\">Placering<\/td>\n<td style=\"width: 5.9387%;\" width=\"38\"><\/td>\n<td style=\"width: 7.47126%;\" width=\"23\"><\/td>\n<td style=\"width: 10.9195%;\" width=\"46\"><\/td>\n<\/tr>\n<tr>\n<td style=\"width: 28.3525%;\"><\/td>\n<td style=\"width: 5.9387%;\"><\/td>\n<td style=\"width: 10.9195%;\"><\/td>\n<td style=\"width: 6.13027%;\"><\/td>\n<td style=\"width: 14.5594%;\"><\/td>\n<td style=\"width: 9.1954%;\"><\/td>\n<td style=\"width: 5.9387%;\"><\/td>\n<td style=\"width: 18.3908%;\" colspan=\"2\"><\/td>\n<\/tr>\n<tr>\n<td style=\"width: 28.3525%;\">Esrum Billard 1<\/td>\n<td style=\"width: 5.9387%;\"><\/td>\n<td style=\"width: 10.9195%;\">906<\/td>\n<td style=\"width: 6.13027%;\"><\/td>\n<td style=\"width: 23.7548%;\" colspan=\"2\">2<\/td>\n<td style=\"width: 5.9387%;\"><\/td>\n<td style=\"width: 7.47126%;\"><\/td>\n<td style=\"width: 10.9195%;\" width=\"46\"><\/td>\n<\/tr>\n<tr>\n<td style=\"width: 28.3525%;\">Pr\u00e6rierytterne<\/td>\n<td style=\"width: 5.9387%;\"><\/td>\n<td style=\"width: 10.9195%;\">538<\/td>\n<td style=\"width: 6.13027%;\"><\/td>\n<td style=\"width: 23.7548%;\" colspan=\"2\">5<\/td>\n<td style=\"width: 5.9387%;\"><\/td>\n<td style=\"width: 7.47126%;\"><\/td>\n<td style=\"width: 10.9195%;\"><\/td>\n<\/tr>\n<tr>\n<td style=\"width: 28.3525%;\">Keglerne<\/td>\n<td style=\"width: 5.9387%;\"><\/td>\n<td style=\"width: 10.9195%;\">866<\/td>\n<td style=\"width: 6.13027%;\"><\/td>\n<td style=\"width: 23.7548%;\" colspan=\"2\">3<\/td>\n<td style=\"width: 5.9387%;\"><\/td>\n<td style=\"width: 7.47126%;\"><\/td>\n<td style=\"width: 10.9195%;\"><\/td>\n<\/tr>\n<tr>\n<td style=\"width: 28.3525%;\">Meny Gr\u00e6sted<\/td>\n<td style=\"width: 5.9387%;\"><\/td>\n<td style=\"width: 10.9195%;\">498<\/td>\n<td style=\"width: 6.13027%;\"><\/td>\n<td style=\"width: 23.7548%;\" colspan=\"2\">6<\/td>\n<td style=\"width: 5.9387%;\"><\/td>\n<td style=\"width: 7.47126%;\"><\/td>\n<td style=\"width: 10.9195%;\"><\/td>\n<\/tr>\n<tr>\n<td style=\"width: 28.3525%;\">13. hjemmehold<\/td>\n<td style=\"width: 5.9387%;\"><\/td>\n<td style=\"width: 10.9195%;\">732<\/td>\n<td style=\"width: 6.13027%;\"><\/td>\n<td style=\"width: 23.7548%;\" colspan=\"2\">4<\/td>\n<td style=\"width: 5.9387%;\"><\/td>\n<td style=\"width: 7.47126%;\"><\/td>\n<td style=\"width: 10.9195%;\"><\/td>\n<\/tr>\n<tr>\n<td style=\"width: 28.3525%;\">Murerm.Thomas Olsen<\/td>\n<td style=\"width: 5.9387%;\"><\/td>\n<td style=\"width: 10.9195%;\">908<\/td>\n<td style=\"width: 6.13027%;\"><\/td>\n<td style=\"width: 23.7548%;\" colspan=\"2\">1<\/td>\n<td style=\"width: 5.9387%;\"><\/td>\n<td style=\"width: 7.47126%;\"><\/td>\n<td style=\"width: 10.9195%;\"><\/td>\n<\/tr>\n<\/tbody>\n<\/table>\n","protected":false},"excerpt":{"rendered":"<p>Pulje 6 18:50 1 Esrum Billard 1 &#8211; Pr\u00e6rierytterne 180 &#8211; 138 2 13. hjemmehold &#8211; Murerm.Thomas Olsen 164 &#8211; 162 3 Keglerne &#8211; Meny Gr\u00e6sted 78 &#8211; 112 19:30 4 Pr\u00e6rierytterne &#8211; 13. hjemmehold 122 &#8211; 192 5 Meny Gr\u00e6sted &#8211; Murerm.Thomas Olsen 156 &#8211; 172 6 Esrum Billard 1 &#8211; Keglerne 204 &#8211; [&hellip;]<\/p>\n","protected":false},"author":1,"featured_media":0,"parent":0,"menu_order":0,"comment_status":"closed","ping_status":"closed","template":"","meta":{"footnotes":""},"class_list":["post-419","page","type-page","status-publish","hentry"],"_links":{"self":[{"href":"https:\/\/tingbakkehallen.dk\/keglecup\/2026\/wp-json\/wp\/v2\/pages\/419","targetHints":{"allow":["GET"]}}],"collection":[{"href":"https:\/\/tingbakkehallen.dk\/keglecup\/2026\/wp-json\/wp\/v2\/pages"}],"about":[{"href":"https:\/\/tingbakkehallen.dk\/keglecup\/2026\/wp-json\/wp\/v2\/types\/page"}],"author":[{"embeddable":true,"href":"https:\/\/tingbakkehallen.dk\/keglecup\/2026\/wp-json\/wp\/v2\/users\/1"}],"replies":[{"embeddable":true,"href":"https:\/\/tingbakkehallen.dk\/keglecup\/2026\/wp-json\/wp\/v2\/comments?post=419"}],"version-history":[{"count":9,"href":"https:\/\/tingbakkehallen.dk\/keglecup\/2026\/wp-json\/wp\/v2\/pages\/419\/revisions"}],"predecessor-version":[{"id":625,"href":"https:\/\/tingbakkehallen.dk\/keglecup\/2026\/wp-json\/wp\/v2\/pages\/419\/revisions\/625"}],"wp:attachment":[{"href":"https:\/\/tingbakkehallen.dk\/keglecup\/2026\/wp-json\/wp\/v2\/media?parent=419"}],"curies":[{"name":"wp","href":"https:\/\/api.w.org\/{rel}","templated":true}]}}