{"id":421,"date":"2024-02-04T08:18:14","date_gmt":"2024-02-04T07:18:14","guid":{"rendered":"https:\/\/tingbakkehallen.dk\/keglecup\/2024\/?page_id=421"},"modified":"2026-01-25T09:10:50","modified_gmt":"2026-01-25T08:10:50","slug":"pulje-5-resultat","status":"publish","type":"page","link":"https:\/\/tingbakkehallen.dk\/keglecup\/2026\/pulje-5-resultat\/","title":{"rendered":"pulje-5-resultat"},"content":{"rendered":"<p>Pulje 5<\/p>\n<table width=\"609\">\n<tbody>\n<tr>\n<td width=\"106\">18:50<\/td>\n<td width=\"63\">1<\/td>\n<td width=\"144\">Esrum Billard 2<\/td>\n<td width=\"35\">&#8211;<\/td>\n<td width=\"143\">Team frit spil<\/td>\n<td width=\"50\">222<\/td>\n<td width=\"18\">&#8211;<\/td>\n<td width=\"50\">136<\/td>\n<\/tr>\n<tr>\n<td><\/td>\n<td>2<\/td>\n<td>Pr\u00e6rief\u00e5rene<\/td>\n<td>&#8211;<\/td>\n<td>GIF 1<\/td>\n<td>140<\/td>\n<td>&#8211;<\/td>\n<td>158<\/td>\n<\/tr>\n<tr>\n<td><\/td>\n<td>3<\/td>\n<td>Tosserne fra Gr\u00e6sted<\/td>\n<td>&#8211;<\/td>\n<td>Pr\u00e6rieekspressen<\/td>\n<td>78<\/td>\n<td>&#8211;<\/td>\n<td>216<\/td>\n<\/tr>\n<tr>\n<td>19:30<\/td>\n<td>4<\/td>\n<td>Team frit spil<\/td>\n<td>&#8211;<\/td>\n<td>Pr\u00e6rief\u00e5rene<\/td>\n<td>170<\/td>\n<td>&#8211;<\/td>\n<td>158<\/td>\n<\/tr>\n<tr>\n<td><\/td>\n<td>5<\/td>\n<td>Pr\u00e6rieekspressen<\/td>\n<td>&#8211;<\/td>\n<td>GIF 1<\/td>\n<td>78<\/td>\n<td>&#8211;<\/td>\n<td>138<\/td>\n<\/tr>\n<tr>\n<td><\/td>\n<td>6<\/td>\n<td>Esrum Billard 2<\/td>\n<td>&#8211;<\/td>\n<td>Tosserne fra Gr\u00e6sted<\/td>\n<td>236<\/td>\n<td>&#8211;<\/td>\n<td>158<\/td>\n<\/tr>\n<tr>\n<td>20:10<\/td>\n<td>7<\/td>\n<td>Team frit spil<\/td>\n<td>&#8211;<\/td>\n<td>GIF 1<\/td>\n<td>160<\/td>\n<td>&#8211;<\/td>\n<td>184<\/td>\n<\/tr>\n<tr>\n<td><\/td>\n<td>8<\/td>\n<td>Esrum Billard 2<\/td>\n<td>&#8211;<\/td>\n<td>Pr\u00e6rieekspressen<\/td>\n<td>238<\/td>\n<td>&#8211;<\/td>\n<td>170<\/td>\n<\/tr>\n<tr>\n<td><\/td>\n<td>9<\/td>\n<td>Tosserne fra Gr\u00e6sted<\/td>\n<td>&#8211;<\/td>\n<td>Pr\u00e6rief\u00e5rene<\/td>\n<td>132<\/td>\n<td>&#8211;<\/td>\n<td>178<\/td>\n<\/tr>\n<tr>\n<td>20:50<\/td>\n<td>10<\/td>\n<td>Esrum Billard 2<\/td>\n<td>&#8211;<\/td>\n<td>GIF 1<\/td>\n<td>274<\/td>\n<td>&#8211;<\/td>\n<td>176<\/td>\n<\/tr>\n<tr>\n<td><\/td>\n<td>11<\/td>\n<td>Team frit spil<\/td>\n<td>&#8211;<\/td>\n<td>Tosserne fra Gr\u00e6sted<\/td>\n<td>202<\/td>\n<td>&#8211;<\/td>\n<td>212<\/td>\n<\/tr>\n<tr>\n<td><\/td>\n<td>12<\/td>\n<td>Pr\u00e6rieekspressen<\/td>\n<td>&#8211;<\/td>\n<td>Pr\u00e6rief\u00e5rene<\/td>\n<td>108<\/td>\n<td>&#8211;<\/td>\n<td>142<\/td>\n<\/tr>\n<tr>\n<td>21:30<\/td>\n<td>13<\/td>\n<td>Tosserne fra Gr\u00e6sted<\/td>\n<td>&#8211;<\/td>\n<td>GIF 1<\/td>\n<td>132<\/td>\n<td>&#8211;<\/td>\n<td>206<\/td>\n<\/tr>\n<tr>\n<td><\/td>\n<td>14<\/td>\n<td>Esrum Billard 2<\/td>\n<td>&#8211;<\/td>\n<td>Pr\u00e6rief\u00e5rene<\/td>\n<td>174<\/td>\n<td>&#8211;<\/td>\n<td>194<\/td>\n<\/tr>\n<tr>\n<td><\/td>\n<td>15<\/td>\n<td>Team frit spil<\/td>\n<td>&#8211;<\/td>\n<td>Pr\u00e6rieekspressen<\/td>\n<td>190<\/td>\n<td>&#8211;<\/td>\n<td>134<\/td>\n<\/tr>\n<tr>\n<td><\/td>\n<td><\/td>\n<td><\/td>\n<td><\/td>\n<td><\/td>\n<td><\/td>\n<td><\/td>\n<td><\/td>\n<\/tr>\n<tr>\n<td>slut kl. ca. 22.10<\/td>\n<td><\/td>\n<td><\/td>\n<td><\/td>\n<td><\/td>\n<td><\/td>\n<td><\/td>\n<td><\/td>\n<\/tr>\n<\/tbody>\n<\/table>\n<table style=\"width: 31%;\" width=\"447\">\n<tbody>\n<tr>\n<td style=\"width: 31.0547%;\" width=\"139\">Samlet scorer<\/td>\n<td style=\"width: 5.85938%;\" width=\"38\"><\/td>\n<td style=\"width: 12.5%;\" width=\"45\"><\/td>\n<td style=\"width: 5.85938%;\" width=\"38\"><\/td>\n<td style=\"width: 18.75%;\" colspan=\"2\" width=\"76\">Placering<\/td>\n<td style=\"width: 5.85938%;\" width=\"38\"><\/td>\n<td style=\"width: 7.61719%;\" width=\"23\"><\/td>\n<td style=\"width: 12.5%;\" width=\"50\"><\/td>\n<\/tr>\n<tr>\n<td style=\"width: 31.0547%;\"><\/td>\n<td style=\"width: 5.85938%;\"><\/td>\n<td style=\"width: 12.5%;\"><\/td>\n<td style=\"width: 5.85938%;\"><\/td>\n<td style=\"width: 9.375%;\"><\/td>\n<td style=\"width: 9.375%;\"><\/td>\n<td style=\"width: 5.85938%;\"><\/td>\n<td style=\"width: 20.1172%;\" colspan=\"2\">plads<\/td>\n<\/tr>\n<tr>\n<td style=\"width: 31.0547%;\">Esrum Billard 2<\/td>\n<td style=\"width: 5.85938%;\"><\/td>\n<td style=\"width: 12.5%;\">1144<\/td>\n<td style=\"width: 5.85938%;\"><\/td>\n<td style=\"width: 18.75%;\" colspan=\"2\">1<\/td>\n<td style=\"width: 5.85938%;\"><\/td>\n<td style=\"width: 7.61719%;\">1<\/td>\n<td style=\"width: 12.5%;\" width=\"50\">1144<\/td>\n<\/tr>\n<tr>\n<td style=\"width: 31.0547%;\">Team frit spil<\/td>\n<td style=\"width: 5.85938%;\"><\/td>\n<td style=\"width: 12.5%;\">858<\/td>\n<td style=\"width: 5.85938%;\"><\/td>\n<td style=\"width: 18.75%;\" colspan=\"2\">3<\/td>\n<td style=\"width: 5.85938%;\"><\/td>\n<td style=\"width: 7.61719%;\">2<\/td>\n<td style=\"width: 12.5%;\">862<\/td>\n<\/tr>\n<tr>\n<td style=\"width: 31.0547%;\">Tosserne fra Gr\u00e6sted<\/td>\n<td style=\"width: 5.85938%;\"><\/td>\n<td style=\"width: 12.5%;\">712<\/td>\n<td style=\"width: 5.85938%;\"><\/td>\n<td style=\"width: 18.75%;\" colspan=\"2\">5<\/td>\n<td style=\"width: 5.85938%;\"><\/td>\n<td style=\"width: 7.61719%;\">3<\/td>\n<td style=\"width: 12.5%;\">858<\/td>\n<\/tr>\n<tr>\n<td style=\"width: 31.0547%;\">Pr\u00e6rieekspressen<\/td>\n<td style=\"width: 5.85938%;\"><\/td>\n<td style=\"width: 12.5%;\">706<\/td>\n<td style=\"width: 5.85938%;\"><\/td>\n<td style=\"width: 18.75%;\" colspan=\"2\">6<\/td>\n<td style=\"width: 5.85938%;\"><\/td>\n<td style=\"width: 7.61719%;\">4<\/td>\n<td style=\"width: 12.5%;\">812<\/td>\n<\/tr>\n<tr>\n<td style=\"width: 31.0547%;\">Pr\u00e6rief\u00e5rene<\/td>\n<td style=\"width: 5.85938%;\"><\/td>\n<td style=\"width: 12.5%;\">812<\/td>\n<td style=\"width: 5.85938%;\"><\/td>\n<td style=\"width: 18.75%;\" colspan=\"2\">4<\/td>\n<td style=\"width: 5.85938%;\"><\/td>\n<td style=\"width: 7.61719%;\">5<\/td>\n<td style=\"width: 12.5%;\">712<\/td>\n<\/tr>\n<tr>\n<td style=\"width: 31.0547%;\">GIF 1<\/td>\n<td style=\"width: 5.85938%;\"><\/td>\n<td style=\"width: 12.5%;\">862<\/td>\n<td style=\"width: 5.85938%;\"><\/td>\n<td style=\"width: 18.75%;\" colspan=\"2\">2<\/td>\n<td style=\"width: 5.85938%;\"><\/td>\n<td style=\"width: 7.61719%;\">6<\/td>\n<td style=\"width: 12.5%;\">706<\/td>\n<\/tr>\n<\/tbody>\n<\/table>\n","protected":false},"excerpt":{"rendered":"<p>Pulje 5 18:50 1 Esrum Billard 2 &#8211; Team frit spil 222 &#8211; 136 2 Pr\u00e6rief\u00e5rene &#8211; GIF 1 140 &#8211; 158 3 Tosserne fra Gr\u00e6sted &#8211; Pr\u00e6rieekspressen 78 &#8211; 216 19:30 4 Team frit spil &#8211; Pr\u00e6rief\u00e5rene 170 &#8211; 158 5 Pr\u00e6rieekspressen &#8211; GIF 1 78 &#8211; 138 6 Esrum Billard 2 &#8211; Tosserne [&hellip;]<\/p>\n","protected":false},"author":1,"featured_media":0,"parent":0,"menu_order":0,"comment_status":"closed","ping_status":"closed","template":"","meta":{"footnotes":""},"class_list":["post-421","page","type-page","status-publish","hentry"],"_links":{"self":[{"href":"https:\/\/tingbakkehallen.dk\/keglecup\/2026\/wp-json\/wp\/v2\/pages\/421","targetHints":{"allow":["GET"]}}],"collection":[{"href":"https:\/\/tingbakkehallen.dk\/keglecup\/2026\/wp-json\/wp\/v2\/pages"}],"about":[{"href":"https:\/\/tingbakkehallen.dk\/keglecup\/2026\/wp-json\/wp\/v2\/types\/page"}],"author":[{"embeddable":true,"href":"https:\/\/tingbakkehallen.dk\/keglecup\/2026\/wp-json\/wp\/v2\/users\/1"}],"replies":[{"embeddable":true,"href":"https:\/\/tingbakkehallen.dk\/keglecup\/2026\/wp-json\/wp\/v2\/comments?post=421"}],"version-history":[{"count":9,"href":"https:\/\/tingbakkehallen.dk\/keglecup\/2026\/wp-json\/wp\/v2\/pages\/421\/revisions"}],"predecessor-version":[{"id":624,"href":"https:\/\/tingbakkehallen.dk\/keglecup\/2026\/wp-json\/wp\/v2\/pages\/421\/revisions\/624"}],"wp:attachment":[{"href":"https:\/\/tingbakkehallen.dk\/keglecup\/2026\/wp-json\/wp\/v2\/media?parent=421"}],"curies":[{"name":"wp","href":"https:\/\/api.w.org\/{rel}","templated":true}]}}