{"id":423,"date":"2024-02-04T08:18:24","date_gmt":"2024-02-04T07:18:24","guid":{"rendered":"https:\/\/tingbakkehallen.dk\/keglecup\/2024\/?page_id=423"},"modified":"2026-01-25T19:44:11","modified_gmt":"2026-01-25T18:44:11","slug":"pulje-7-resultat","status":"publish","type":"page","link":"https:\/\/tingbakkehallen.dk\/keglecup\/2026\/pulje-7-resultat\/","title":{"rendered":"pulje-7-resultat"},"content":{"rendered":"<table width=\"624\">\n<tbody>\n<tr>\n<td width=\"109\">Ca. tid<\/td>\n<td colspan=\"2\" width=\"210\">Kamp nr.<\/td>\n<td width=\"40\">Kampe<\/td>\n<td width=\"147\">Pulje 7<\/td>\n<td width=\"50\"><\/td>\n<td width=\"18\">Resultat<\/td>\n<td width=\"50\"><\/td>\n<\/tr>\n<tr>\n<td><\/td>\n<td><\/td>\n<td><\/td>\n<td><\/td>\n<td><\/td>\n<td><\/td>\n<td><\/td>\n<td><\/td>\n<\/tr>\n<tr>\n<td>11:00<\/td>\n<td>1<\/td>\n<td>Havtaskerne 1<\/td>\n<td>&#8211;<\/td>\n<td>Humlebierne<\/td>\n<td>176<\/td>\n<td>&#8211;<\/td>\n<td>160<\/td>\n<\/tr>\n<tr>\n<td><\/td>\n<td>2<\/td>\n<td>Smidstrup Brol\u00e6gning<\/td>\n<td>&#8211;<\/td>\n<td>Mor Grib&#8217;s drenge<\/td>\n<td>240<\/td>\n<td>&#8211;<\/td>\n<td>120<\/td>\n<\/tr>\n<tr>\n<td><\/td>\n<td>3<\/td>\n<td>Havtaskerne 2<\/td>\n<td>&#8211;<\/td>\n<td>Bakkeg\u00e5rdens b\u00f8ller<\/td>\n<td>162<\/td>\n<td>&#8211;<\/td>\n<td>122<\/td>\n<\/tr>\n<tr>\n<td><\/td>\n<td>4<\/td>\n<td>Kvindelogen<\/td>\n<td>&#8211;<\/td>\n<td>Ingen hold<\/td>\n<td>34<\/td>\n<td>&#8211;<\/td>\n<td>0<\/td>\n<\/tr>\n<tr>\n<td>11:45<\/td>\n<td>5<\/td>\n<td>Humlebierne<\/td>\n<td>&#8211;<\/td>\n<td>Smidstrup Brol\u00e6gning<\/td>\n<td>76<\/td>\n<td>&#8211;<\/td>\n<td>234<\/td>\n<\/tr>\n<tr>\n<td><\/td>\n<td>6<\/td>\n<td>Ingen hold<\/td>\n<td>&#8211;<\/td>\n<td>Mor Grib&#8217;s drenge<\/td>\n<td>0<\/td>\n<td>&#8211;<\/td>\n<td>194<\/td>\n<\/tr>\n<tr>\n<td><\/td>\n<td>7<\/td>\n<td>Havtaskerne 1<\/td>\n<td>&#8211;<\/td>\n<td>Havtaskerne 2<\/td>\n<td>144<\/td>\n<td>&#8211;<\/td>\n<td>154<\/td>\n<\/tr>\n<tr>\n<td><\/td>\n<td>8<\/td>\n<td>Kvindelogen<\/td>\n<td>&#8211;<\/td>\n<td>Bakkeg\u00e5rdens b\u00f8ller<\/td>\n<td>102<\/td>\n<td>&#8211;<\/td>\n<td>42<\/td>\n<\/tr>\n<tr>\n<td>12:30<\/td>\n<td>9<\/td>\n<td>Humlebierne<\/td>\n<td>&#8211;<\/td>\n<td>Mor Grib&#8217;s drenge<\/td>\n<td>154<\/td>\n<td>&#8211;<\/td>\n<td>158<\/td>\n<\/tr>\n<tr>\n<td><\/td>\n<td>10<\/td>\n<td>Havtaskerne 1<\/td>\n<td>&#8211;<\/td>\n<td>Bakkeg\u00e5rdens b\u00f8ller<\/td>\n<td>122<\/td>\n<td>&#8211;<\/td>\n<td>176<\/td>\n<\/tr>\n<tr>\n<td><\/td>\n<td>11<\/td>\n<td>Ingen hold<\/td>\n<td>&#8211;<\/td>\n<td>Smidstrup Brol\u00e6gning<\/td>\n<td>0<\/td>\n<td>&#8211;<\/td>\n<td>254<\/td>\n<\/tr>\n<tr>\n<td><\/td>\n<td>12<\/td>\n<td>Kvindelogen<\/td>\n<td>&#8211;<\/td>\n<td>Havtaskerne 2<\/td>\n<td>150<\/td>\n<td>&#8211;<\/td>\n<td>122<\/td>\n<\/tr>\n<tr>\n<td>13:15<\/td>\n<td>13<\/td>\n<td>Havtaskerne 1<\/td>\n<td>&#8211;<\/td>\n<td>Mor Grib&#8217;s drenge<\/td>\n<td>104<\/td>\n<td>&#8211;<\/td>\n<td>132<\/td>\n<\/tr>\n<tr>\n<td><\/td>\n<td>14<\/td>\n<td>Humlebierne<\/td>\n<td>&#8211;<\/td>\n<td>Havtaskerne 2<\/td>\n<td>138<\/td>\n<td>&#8211;<\/td>\n<td>118<\/td>\n<\/tr>\n<tr>\n<td><\/td>\n<td>15<\/td>\n<td>Bakkeg\u00e5rdens b\u00f8ller<\/td>\n<td>&#8211;<\/td>\n<td>Ingen hold<\/td>\n<td>94<\/td>\n<td>&#8211;<\/td>\n<td>0<\/td>\n<\/tr>\n<tr>\n<td><\/td>\n<td>16<\/td>\n<td>Kvindelogen<\/td>\n<td>&#8211;<\/td>\n<td>Smidstrup Brol\u00e6gning<\/td>\n<td>182<\/td>\n<td>&#8211;<\/td>\n<td>256<\/td>\n<\/tr>\n<tr>\n<td>14:00<\/td>\n<td>17<\/td>\n<td>Havtaskerne 2<\/td>\n<td>&#8211;<\/td>\n<td>Ingen hold<\/td>\n<td>124<\/td>\n<td>&#8211;<\/td>\n<td>0<\/td>\n<\/tr>\n<tr>\n<td><\/td>\n<td>18<\/td>\n<td>Havtaskerne 1<\/td>\n<td>&#8211;<\/td>\n<td>Smidstrup Brol\u00e6gning<\/td>\n<td>172<\/td>\n<td>&#8211;<\/td>\n<td>246<\/td>\n<\/tr>\n<tr>\n<td><\/td>\n<td>19<\/td>\n<td>Humlebierne<\/td>\n<td>&#8211;<\/td>\n<td>Bakkeg\u00e5rdens b\u00f8ller<\/td>\n<td>168<\/td>\n<td>&#8211;<\/td>\n<td>64<\/td>\n<\/tr>\n<tr>\n<td><\/td>\n<td>20<\/td>\n<td>Kvindelogen<\/td>\n<td>&#8211;<\/td>\n<td>Mor Grib&#8217;s drenge<\/td>\n<td>142<\/td>\n<td>&#8211;<\/td>\n<td>72<\/td>\n<\/tr>\n<tr>\n<td>slut kl. ca. 14:45<\/td>\n<td><\/td>\n<td><\/td>\n<td><\/td>\n<td><\/td>\n<td><\/td>\n<td><\/td>\n<td><\/td>\n<\/tr>\n<\/tbody>\n<\/table>\n<table width=\"451\">\n<tbody>\n<tr>\n<td width=\"147\">Samlet scorer<\/td>\n<td width=\"38\"><\/td>\n<td width=\"38\"><\/td>\n<td width=\"38\"><\/td>\n<td colspan=\"2\" width=\"76\">Placering<\/td>\n<td width=\"38\"><\/td>\n<td width=\"38\"><\/td>\n<td width=\"38\"><\/td>\n<\/tr>\n<tr>\n<td><\/td>\n<td><\/td>\n<td><\/td>\n<td><\/td>\n<td><\/td>\n<td><\/td>\n<td><\/td>\n<td colspan=\"2\"><\/td>\n<\/tr>\n<tr>\n<td>Havtaskerne 1<\/td>\n<td><\/td>\n<td>718<\/td>\n<td><\/td>\n<td colspan=\"2\">2<\/td>\n<td><\/td>\n<td><\/td>\n<td><\/td>\n<\/tr>\n<tr>\n<td>Humlebierne<\/td>\n<td><\/td>\n<td>696<\/td>\n<td><\/td>\n<td colspan=\"2\">3<\/td>\n<td><\/td>\n<td><\/td>\n<td><\/td>\n<\/tr>\n<tr>\n<td>Havtaskerne 2<\/td>\n<td><\/td>\n<td>680<\/td>\n<td><\/td>\n<td colspan=\"2\">4<\/td>\n<td><\/td>\n<td><\/td>\n<td><\/td>\n<\/tr>\n<tr>\n<td>Bakkeg\u00e5rdens b\u00f8ller<\/td>\n<td><\/td>\n<td>498<\/td>\n<td><\/td>\n<td colspan=\"2\">7<\/td>\n<td><\/td>\n<td><\/td>\n<td><\/td>\n<\/tr>\n<tr>\n<td>Smidstrup Brol\u00e6gning<\/td>\n<td><\/td>\n<td>1230<\/td>\n<td><\/td>\n<td colspan=\"2\">1<\/td>\n<td><\/td>\n<td><\/td>\n<td><\/td>\n<\/tr>\n<tr>\n<td>Mor Grib&#8217;s drenge<\/td>\n<td><\/td>\n<td>676<\/td>\n<td><\/td>\n<td colspan=\"2\">5<\/td>\n<td><\/td>\n<td><\/td>\n<td><\/td>\n<\/tr>\n<tr>\n<td>Kvindelogen<\/td>\n<td><\/td>\n<td>610<\/td>\n<td><\/td>\n<td colspan=\"2\">6<\/td>\n<td><\/td>\n<td><\/td>\n<td><\/td>\n<\/tr>\n<tr>\n<td>Ingen hold<\/td>\n<td><\/td>\n<td>0<\/td>\n<td><\/td>\n<td colspan=\"2\">8<\/td>\n<td><\/td>\n<td><\/td>\n<td><\/td>\n<\/tr>\n<\/tbody>\n<\/table>\n","protected":false},"excerpt":{"rendered":"<p>Ca. tid Kamp nr. Kampe Pulje 7 Resultat 11:00 1 Havtaskerne 1 &#8211; Humlebierne 176 &#8211; 160 2 Smidstrup Brol\u00e6gning &#8211; Mor Grib&#8217;s drenge 240 &#8211; 120 3 Havtaskerne 2 &#8211; Bakkeg\u00e5rdens b\u00f8ller 162 &#8211; 122 4 Kvindelogen &#8211; Ingen hold 34 &#8211; 0 11:45 5 Humlebierne &#8211; Smidstrup Brol\u00e6gning 76 &#8211; 234 6 Ingen [&hellip;]<\/p>\n","protected":false},"author":1,"featured_media":0,"parent":0,"menu_order":0,"comment_status":"closed","ping_status":"closed","template":"","meta":{"footnotes":""},"class_list":["post-423","page","type-page","status-publish","hentry"],"_links":{"self":[{"href":"https:\/\/tingbakkehallen.dk\/keglecup\/2026\/wp-json\/wp\/v2\/pages\/423","targetHints":{"allow":["GET"]}}],"collection":[{"href":"https:\/\/tingbakkehallen.dk\/keglecup\/2026\/wp-json\/wp\/v2\/pages"}],"about":[{"href":"https:\/\/tingbakkehallen.dk\/keglecup\/2026\/wp-json\/wp\/v2\/types\/page"}],"author":[{"embeddable":true,"href":"https:\/\/tingbakkehallen.dk\/keglecup\/2026\/wp-json\/wp\/v2\/users\/1"}],"replies":[{"embeddable":true,"href":"https:\/\/tingbakkehallen.dk\/keglecup\/2026\/wp-json\/wp\/v2\/comments?post=423"}],"version-history":[{"count":6,"href":"https:\/\/tingbakkehallen.dk\/keglecup\/2026\/wp-json\/wp\/v2\/pages\/423\/revisions"}],"predecessor-version":[{"id":637,"href":"https:\/\/tingbakkehallen.dk\/keglecup\/2026\/wp-json\/wp\/v2\/pages\/423\/revisions\/637"}],"wp:attachment":[{"href":"https:\/\/tingbakkehallen.dk\/keglecup\/2026\/wp-json\/wp\/v2\/media?parent=423"}],"curies":[{"name":"wp","href":"https:\/\/api.w.org\/{rel}","templated":true}]}}