{"id":431,"date":"2024-02-04T08:28:18","date_gmt":"2024-02-04T07:28:18","guid":{"rendered":"https:\/\/tingbakkehallen.dk\/keglecup\/2024\/?page_id=431"},"modified":"2026-01-25T22:10:26","modified_gmt":"2026-01-25T21:10:26","slug":"hoejeste-score-loerdag-og-soendag","status":"publish","type":"page","link":"https:\/\/tingbakkehallen.dk\/keglecup\/2026\/hoejeste-score-loerdag-og-soendag\/","title":{"rendered":"H\u00f8jeste score l\u00f8rdag og s\u00f8ndag"},"content":{"rendered":"<p style=\"text-align: center;\"><span style=\"font-size: 18pt;\">H\u00f8jeste score l\u00f8rdag Drenge<\/span><br \/>\n<img loading=\"lazy\" decoding=\"async\" class=\"alignnone wp-image-630\" src=\"https:\/\/tingbakkehallen.dk\/keglecup\/2026\/wp-content\/uploads\/2026\/01\/Tobias-web.jpg\" alt=\"\" width=\"318\" height=\"565\" srcset=\"https:\/\/tingbakkehallen.dk\/keglecup\/2026\/wp-content\/uploads\/2026\/01\/Tobias-web.jpg 600w, https:\/\/tingbakkehallen.dk\/keglecup\/2026\/wp-content\/uploads\/2026\/01\/Tobias-web-169x300.jpg 169w, https:\/\/tingbakkehallen.dk\/keglecup\/2026\/wp-content\/uploads\/2026\/01\/Tobias-web-576x1024.jpg 576w\" sizes=\"auto, (max-width: 318px) 100vw, 318px\" \/><br \/>\n<strong>Tobias 110<br \/>\n<\/strong><strong>Tanktop &amp; t\u00f8nderne<br \/>\n<\/strong><\/p>\n<p style=\"text-align: center;\"><span style=\"font-size: 18pt;\">H\u00f8jeste score l\u00f8rdag piger<br \/>\n<\/span><img loading=\"lazy\" decoding=\"async\" class=\"alignnone wp-image-628\" src=\"https:\/\/tingbakkehallen.dk\/keglecup\/2026\/wp-content\/uploads\/2026\/01\/simone-2-web.jpg\" alt=\"\" width=\"319\" height=\"567\" srcset=\"https:\/\/tingbakkehallen.dk\/keglecup\/2026\/wp-content\/uploads\/2026\/01\/simone-2-web.jpg 600w, https:\/\/tingbakkehallen.dk\/keglecup\/2026\/wp-content\/uploads\/2026\/01\/simone-2-web-169x300.jpg 169w, https:\/\/tingbakkehallen.dk\/keglecup\/2026\/wp-content\/uploads\/2026\/01\/simone-2-web-576x1024.jpg 576w\" sizes=\"auto, (max-width: 319px) 100vw, 319px\" \/><br \/>\n<strong>Simone 108<\/strong><br \/>\n<strong>De H\u00e5bl\u00f8se<\/strong><\/p>\n<p style=\"text-align: center;\">H\u00f8jeste score s\u00f8ndag Drenge<br \/>\n<img loading=\"lazy\" decoding=\"async\" class=\"alignnone wp-image-664\" src=\"https:\/\/tingbakkehallen.dk\/keglecup\/2026\/wp-content\/uploads\/2026\/01\/mikkel.jpg\" alt=\"\" width=\"325\" height=\"385\" srcset=\"https:\/\/tingbakkehallen.dk\/keglecup\/2026\/wp-content\/uploads\/2026\/01\/mikkel.jpg 600w, https:\/\/tingbakkehallen.dk\/keglecup\/2026\/wp-content\/uploads\/2026\/01\/mikkel-253x300.jpg 253w\" sizes=\"auto, (max-width: 325px) 100vw, 325px\" \/><br \/>\nMikkel 114<br \/>\nSmidstrup Brol\u00e6gning<\/p>\n<p style=\"text-align: center;\">H\u00f8jeste score s\u00f8ndag piger<\/p>\n<p style=\"text-align: center;\"><strong>Beata 104<\/strong><br \/>\nHavtaskerne 2<\/p>\n<p>&nbsp;<\/p>\n<p>&nbsp;<\/p>\n","protected":false},"excerpt":{"rendered":"<p>H\u00f8jeste score l\u00f8rdag Drenge Tobias 110 Tanktop &amp; t\u00f8nderne H\u00f8jeste score l\u00f8rdag piger Simone 108 De H\u00e5bl\u00f8se H\u00f8jeste score s\u00f8ndag Drenge Mikkel 114 Smidstrup Brol\u00e6gning H\u00f8jeste score s\u00f8ndag piger Beata 104 Havtaskerne 2 &nbsp; &nbsp;<\/p>\n","protected":false},"author":1,"featured_media":0,"parent":0,"menu_order":0,"comment_status":"closed","ping_status":"closed","template":"","meta":{"footnotes":""},"class_list":["post-431","page","type-page","status-publish","hentry"],"_links":{"self":[{"href":"https:\/\/tingbakkehallen.dk\/keglecup\/2026\/wp-json\/wp\/v2\/pages\/431","targetHints":{"allow":["GET"]}}],"collection":[{"href":"https:\/\/tingbakkehallen.dk\/keglecup\/2026\/wp-json\/wp\/v2\/pages"}],"about":[{"href":"https:\/\/tingbakkehallen.dk\/keglecup\/2026\/wp-json\/wp\/v2\/types\/page"}],"author":[{"embeddable":true,"href":"https:\/\/tingbakkehallen.dk\/keglecup\/2026\/wp-json\/wp\/v2\/users\/1"}],"replies":[{"embeddable":true,"href":"https:\/\/tingbakkehallen.dk\/keglecup\/2026\/wp-json\/wp\/v2\/comments?post=431"}],"version-history":[{"count":26,"href":"https:\/\/tingbakkehallen.dk\/keglecup\/2026\/wp-json\/wp\/v2\/pages\/431\/revisions"}],"predecessor-version":[{"id":665,"href":"https:\/\/tingbakkehallen.dk\/keglecup\/2026\/wp-json\/wp\/v2\/pages\/431\/revisions\/665"}],"wp:attachment":[{"href":"https:\/\/tingbakkehallen.dk\/keglecup\/2026\/wp-json\/wp\/v2\/media?parent=431"}],"curies":[{"name":"wp","href":"https:\/\/api.w.org\/{rel}","templated":true}]}}