{"id":444,"date":"2024-02-04T21:53:35","date_gmt":"2024-02-04T20:53:35","guid":{"rendered":"https:\/\/tingbakkehallen.dk\/keglecup\/2024\/?page_id=444"},"modified":"2026-01-25T19:46:42","modified_gmt":"2026-01-25T18:46:42","slug":"vejen-til-finalen","status":"publish","type":"page","link":"https:\/\/tingbakkehallen.dk\/keglecup\/2026\/vejen-til-finalen\/","title":{"rendered":"Vejen til Finalen"},"content":{"rendered":"<table width=\"621\">\n<tbody>\n<tr>\n<td width=\"63\">Ca.tid<\/td>\n<td width=\"52\">Bane<\/td>\n<td width=\"52\">Kamp<\/td>\n<td width=\"160\">Hold<\/td>\n<td width=\"160\">Hold<\/td>\n<td colspan=\"2\" width=\"134\">Resultat<\/td>\n<\/tr>\n<tr>\n<td colspan=\"6\">Mellemrunden<\/td>\n<td><\/td>\n<\/tr>\n<tr>\n<td colspan=\"6\">(h\u00f8jeste = samlet point i indledende puljer)<\/td>\n<td><\/td>\n<\/tr>\n<tr>\n<td width=\"63\">14:50<\/td>\n<td width=\"52\">1<\/td>\n<td width=\"52\">B<\/td>\n<td width=\"160\">Keglej\u00e6gerne<\/td>\n<td width=\"160\">De T\u00f8rstige Svende<\/td>\n<td width=\"67\">218<\/td>\n<td>124<\/td>\n<\/tr>\n<tr>\n<td width=\"63\">14:50<\/td>\n<td width=\"52\">2<\/td>\n<td width=\"52\">C<\/td>\n<td width=\"160\">Hajerne<\/td>\n<td width=\"160\">GIF 1<\/td>\n<td width=\"67\">184<\/td>\n<td width=\"67\">76<\/td>\n<\/tr>\n<tr>\n<td width=\"63\">15:05<\/td>\n<td width=\"52\">1<\/td>\n<td width=\"52\">F<\/td>\n<td width=\"160\">Murer. Thomas Olsen<\/td>\n<td width=\"160\">De H\u00e5bl\u00f8se<\/td>\n<td width=\"67\">134<\/td>\n<td>128<\/td>\n<\/tr>\n<tr>\n<td width=\"63\">15:05<\/td>\n<td width=\"52\">2<\/td>\n<td width=\"52\">G<\/td>\n<td width=\"160\">Esrum Billard 1<\/td>\n<td width=\"160\">1.sals pigerne<\/td>\n<td width=\"67\">210<\/td>\n<td>130<\/td>\n<\/tr>\n<tr>\n<td width=\"63\">15:20<\/td>\n<td width=\"52\">1<\/td>\n<td width=\"52\">H<\/td>\n<td width=\"160\">Havtaskerne 1<\/td>\n<td width=\"160\">Holdet<\/td>\n<td width=\"67\">112<\/td>\n<td>240<\/td>\n<\/tr>\n<tr>\n<td width=\"63\">15:20<\/td>\n<td width=\"52\">2<\/td>\n<td width=\"52\">A<\/td>\n<td width=\"160\">Star Sound<\/td>\n<td width=\"160\">Br\u00f8drene<\/td>\n<td width=\"67\">196<\/td>\n<td>186<\/td>\n<\/tr>\n<tr>\n<td width=\"63\">x<\/td>\n<td width=\"52\">1<\/td>\n<td width=\"52\">D<\/td>\n<td width=\"160\">X oversider<\/td>\n<td width=\"160\">Smidstrup Brol\u00e6gning<\/td>\n<td width=\"67\"><\/td>\n<td><\/td>\n<\/tr>\n<tr>\n<td width=\"63\">x<\/td>\n<td width=\"52\">2<\/td>\n<td width=\"52\">E<\/td>\n<td width=\"160\">X oversider<\/td>\n<td width=\"160\">Esrum Billard 2<\/td>\n<td width=\"67\"><\/td>\n<td><\/td>\n<\/tr>\n<tr>\n<td colspan=\"2\">slut ca. 15:35<\/td>\n<td><\/td>\n<td><\/td>\n<td><\/td>\n<td><\/td>\n<td><\/td>\n<\/tr>\n<tr>\n<td colspan=\"6\">Kvartfinalerne<\/td>\n<td><\/td>\n<\/tr>\n<tr>\n<td width=\"63\">15:40<\/td>\n<td width=\"52\">1<\/td>\n<td width=\"52\">I<\/td>\n<td width=\"160\">Star Sound<\/td>\n<td width=\"160\">Keglej\u00e6gerne<\/td>\n<td width=\"67\">126<\/td>\n<td width=\"67\">188<\/td>\n<\/tr>\n<tr>\n<td width=\"63\">15:40<\/td>\n<td width=\"52\">2<\/td>\n<td width=\"52\">K<\/td>\n<td width=\"160\">Esrum Billard 2<\/td>\n<td width=\"160\">Murer. Thomas Olsen<\/td>\n<td width=\"67\">202<\/td>\n<td width=\"67\">122<\/td>\n<\/tr>\n<tr>\n<td width=\"63\">15:55<\/td>\n<td width=\"52\">1<\/td>\n<td width=\"52\">J<\/td>\n<td width=\"160\">Hajerne<\/td>\n<td width=\"160\">Smidstrup Brol\u00e6gning<\/td>\n<td width=\"67\">150<\/td>\n<td width=\"67\">230<\/td>\n<\/tr>\n<tr>\n<td width=\"63\">15:55<\/td>\n<td width=\"52\">2<\/td>\n<td width=\"52\">L<\/td>\n<td width=\"160\">Esrum Billard 1<\/td>\n<td width=\"160\">Holdet<\/td>\n<td width=\"67\">170<\/td>\n<td width=\"67\">210<\/td>\n<\/tr>\n<tr>\n<td colspan=\"2\">slut ca. 16:10<\/td>\n<td><\/td>\n<td><\/td>\n<td><\/td>\n<td><\/td>\n<td><\/td>\n<\/tr>\n<tr>\n<td colspan=\"6\">Semifinalerne<\/td>\n<td><\/td>\n<\/tr>\n<tr>\n<td width=\"63\">16:15<\/td>\n<td width=\"52\">1<\/td>\n<td width=\"52\">M<\/td>\n<td width=\"160\">Keglej\u00e6gerne<\/td>\n<td width=\"160\">Smidstrup Brol\u00e6gning<\/td>\n<td width=\"67\">200<\/td>\n<td width=\"67\">254<\/td>\n<\/tr>\n<tr>\n<td width=\"63\">16:15<\/td>\n<td width=\"52\">2<\/td>\n<td width=\"52\">N<\/td>\n<td width=\"160\">Esrum Billard 2<\/td>\n<td width=\"160\">Holdet<\/td>\n<td width=\"67\">134<\/td>\n<td width=\"67\">182<\/td>\n<\/tr>\n<tr>\n<td colspan=\"2\">slut ca. 16:30<\/td>\n<td><\/td>\n<td><\/td>\n<td><\/td>\n<td><\/td>\n<td><\/td>\n<\/tr>\n<tr>\n<td colspan=\"6\">Kamp om 3. &#8211; 4. pladsen<\/td>\n<td><\/td>\n<\/tr>\n<tr>\n<td width=\"63\">16:35<\/td>\n<td width=\"52\">1<\/td>\n<td width=\"52\">O<\/td>\n<td width=\"160\">Keglej\u00e6gerne<\/td>\n<td width=\"160\">Esrum Billard 2<\/td>\n<td width=\"67\">230<\/td>\n<td width=\"67\">142<\/td>\n<\/tr>\n<tr>\n<td colspan=\"2\">slut ca. 16:50<\/td>\n<td><\/td>\n<td><\/td>\n<td><\/td>\n<td><\/td>\n<td><\/td>\n<\/tr>\n<tr>\n<td colspan=\"6\">Finalen<\/td>\n<td><\/td>\n<\/tr>\n<tr>\n<td width=\"63\">16:55<\/td>\n<td width=\"52\">1<\/td>\n<td width=\"52\">P<sup>1<\/sup><\/td>\n<td rowspan=\"2\" width=\"160\">Smidstrup Brol\u00e6gning<\/td>\n<td rowspan=\"2\" width=\"160\">Holdet<\/td>\n<td width=\"67\">250<\/td>\n<td width=\"67\">228<\/td>\n<\/tr>\n<tr>\n<td><\/td>\n<td>1<\/td>\n<td width=\"52\">P<sup>2<\/sup><\/td>\n<td>244<\/td>\n<td>172<\/td>\n<\/tr>\n<tr>\n<td colspan=\"2\">slut ca. 17:20<\/td>\n<td><\/td>\n<td><\/td>\n<td><\/td>\n<td>494<\/td>\n<td>400<\/td>\n<\/tr>\n<tr>\n<td colspan=\"5\">Finalen spilles over 2 kampe, med kast skiftevis mellem de to holds spillere<\/td>\n<td><\/td>\n<td><\/td>\n<\/tr>\n<\/tbody>\n<\/table>\n","protected":false},"excerpt":{"rendered":"<p>Ca.tid Bane Kamp Hold Hold Resultat Mellemrunden (h\u00f8jeste = samlet point i indledende puljer) 14:50 1 B Keglej\u00e6gerne De T\u00f8rstige Svende 218 124 14:50 2 C Hajerne GIF 1 184 76 15:05 1 F Murer. Thomas Olsen De H\u00e5bl\u00f8se 134 128 15:05 2 G Esrum Billard 1 1.sals pigerne 210 130 15:20 1 H Havtaskerne [&hellip;]<\/p>\n","protected":false},"author":1,"featured_media":0,"parent":0,"menu_order":0,"comment_status":"closed","ping_status":"closed","template":"","meta":{"footnotes":""},"class_list":["post-444","page","type-page","status-publish","hentry"],"_links":{"self":[{"href":"https:\/\/tingbakkehallen.dk\/keglecup\/2026\/wp-json\/wp\/v2\/pages\/444","targetHints":{"allow":["GET"]}}],"collection":[{"href":"https:\/\/tingbakkehallen.dk\/keglecup\/2026\/wp-json\/wp\/v2\/pages"}],"about":[{"href":"https:\/\/tingbakkehallen.dk\/keglecup\/2026\/wp-json\/wp\/v2\/types\/page"}],"author":[{"embeddable":true,"href":"https:\/\/tingbakkehallen.dk\/keglecup\/2026\/wp-json\/wp\/v2\/users\/1"}],"replies":[{"embeddable":true,"href":"https:\/\/tingbakkehallen.dk\/keglecup\/2026\/wp-json\/wp\/v2\/comments?post=444"}],"version-history":[{"count":5,"href":"https:\/\/tingbakkehallen.dk\/keglecup\/2026\/wp-json\/wp\/v2\/pages\/444\/revisions"}],"predecessor-version":[{"id":638,"href":"https:\/\/tingbakkehallen.dk\/keglecup\/2026\/wp-json\/wp\/v2\/pages\/444\/revisions\/638"}],"wp:attachment":[{"href":"https:\/\/tingbakkehallen.dk\/keglecup\/2026\/wp-json\/wp\/v2\/media?parent=444"}],"curies":[{"name":"wp","href":"https:\/\/api.w.org\/{rel}","templated":true}]}}